{"id":17618,"date":"2026-02-10T21:04:14","date_gmt":"2026-02-10T18:04:14","guid":{"rendered":"https:\/\/ek-areng.ee\/%d0%b2%d0%b0%d0%ba%d1%83%d1%83%d0%bc%d0%bd%d1%8b%d0%b5-%d1%82%d0%b5%d1%80%d0%bc%d0%be%d0%bb%d0%b8%d0%b7%d0%bd%d1%8b%d0%b5-%d0%bf%d0%b5%d1%87%d0%b8-%d0%b2%d1%82%d0%bf\/"},"modified":"2026-03-05T23:21:38","modified_gmt":"2026-03-05T20:21:38","slug":"vakuum-thermolyse-oefen-ahk","status":"publish","type":"page","link":"https:\/\/ek-areng.ee\/de\/vakuum-thermolyse-oefen-ahk\/","title":{"rendered":"Vakuumthermolise\u00f6fen &#8211; AHK"},"content":{"rendered":"\t\t<div data-elementor-type=\"wp-page\" data-elementor-id=\"17618\" class=\"elementor elementor-17618 elementor-15926\">\n\t\t\t\t<div class=\"elementor-element elementor-element-e9b4183 e-flex e-con-boxed wd-section-disabled e-con e-parent\" data-id=\"e9b4183\" data-element_type=\"container\" data-e-type=\"container\">\n\t\t\t\t\t<div class=\"e-con-inner\">\n\t\t\t\t<div class=\"elementor-element elementor-element-eaa264f elementor-widget-divider--view-line elementor-widget elementor-widget-divider\" data-id=\"eaa264f\" data-element_type=\"widget\" data-e-type=\"widget\" data-widget_type=\"divider.default\">\n\t\t\t\t\t\t\t<div class=\"elementor-divider\">\n\t\t\t<span class=\"elementor-divider-separator\">\n\t\t\t\t\t\t<\/span>\n\t\t<\/div>\n\t\t\t\t\t\t<\/div>\n\t\t\t\t\t<\/div>\n\t\t\t\t<\/div>\n\t\t<div class=\"elementor-element elementor-element-0044ca0 e-flex e-con-boxed wd-section-disabled e-con e-parent\" data-id=\"0044ca0\" data-element_type=\"container\" data-e-type=\"container\">\n\t\t\t\t\t<div class=\"e-con-inner\">\n\t\t\t\t<div class=\"elementor-element elementor-element-42ff0a4 elementor-widget elementor-widget-wd_title\" data-id=\"42ff0a4\" data-element_type=\"widget\" data-e-type=\"widget\" data-widget_type=\"wd_title.default\">\n\t\t\t\t<div class=\"elementor-widget-container\">\n\t\t\t\t\t\t\t<div class=\"title-wrapper set-mb-s reset-last-child wd-title-color-default wd-title-style-default wd-title-size-default text-center\">\n\n\t\t\t\n\t\t\t<div class=\"liner-continer\">\n\t\t\t\t<h4 class=\"woodmart-title-container title wd-fontsize-l\">Vakuumthermolise\u00f6fen<\/h4> \n\t\t\t\t\t\t\t<\/div>\n\n\t\t\t\t\t<\/div>\n\t\t\t\t\t\t<\/div>\n\t\t\t\t<\/div>\n\t\t\t\t\t<\/div>\n\t\t\t\t<\/div>\n\t\t<div class=\"elementor-element elementor-element-53bdbf6 e-flex e-con-boxed wd-section-disabled e-con e-parent\" data-id=\"53bdbf6\" data-element_type=\"container\" data-e-type=\"container\">\n\t\t\t\t\t<div class=\"e-con-inner\">\n\t\t\t\t<div class=\"elementor-element elementor-element-eecbdd2 elementor-widget elementor-widget-wd_image_or_svg\" data-id=\"eecbdd2\" data-element_type=\"widget\" data-e-type=\"widget\" data-widget_type=\"wd_image_or_svg.default\">\n\t\t\t\t<div class=\"elementor-widget-container\">\n\t\t\t\t\t\n\t\t<div class=\"wd-image text-center\">\n\t\t\t\t\t\t\t\t<img fetchpriority=\"high\" decoding=\"async\" width=\"640\" height=\"589\" src=\"https:\/\/ek-areng.ee\/wp-content\/uploads\/2026\/02\/GES-E\u0422-2500\u0422.png\" class=\"attachment-full size-full\" alt=\"\" srcset=\"https:\/\/ek-areng.ee\/wp-content\/uploads\/2026\/02\/GES-E\u0422-2500\u0422.png 640w, https:\/\/ek-areng.ee\/wp-content\/uploads\/2026\/02\/GES-E\u0422-2500\u0422-326x300.png 326w, https:\/\/ek-areng.ee\/wp-content\/uploads\/2026\/02\/GES-E\u0422-2500\u0422-430x396.png 430w, https:\/\/ek-areng.ee\/wp-content\/uploads\/2026\/02\/GES-E\u0422-2500\u0422-150x138.png 150w\" sizes=\"(max-width: 640px) 100vw, 640px\" \/>\t\t\t\t\t<\/div>\n\n\t\t\t\t\t\t<\/div>\n\t\t\t\t<\/div>\n\t\t\t\t\t<\/div>\n\t\t\t\t<\/div>\n\t\t<div class=\"elementor-element elementor-element-eb8cb4c e-flex e-con-boxed wd-section-disabled e-con e-parent\" data-id=\"eb8cb4c\" data-element_type=\"container\" data-e-type=\"container\">\n\t\t\t\t\t<div class=\"e-con-inner\">\n\t\t\t\t<div class=\"elementor-element elementor-element-d0f03fa elementor-widget elementor-widget-wd_text_block\" data-id=\"d0f03fa\" data-element_type=\"widget\" data-e-type=\"widget\" data-widget_type=\"wd_text_block.default\">\n\t\t\t\t<div class=\"elementor-widget-container\">\n\t\t\t\t\t\t\t<div class=\"wd-text-block reset-last-child text-left\">\n\t\t\t\n\t\t\t<p>Die Vakuumthermolyse ist ein thermisch Depolymerisierungsprozess,<br \/>entfaltet kohlenstoffhaltige Materialien ohne Sauerstoffzugang. Prinzip<br \/>diese Methode ist die thermische Umwandlung verschiedener Abfallarten in<br \/>rohstoff, Energie und w\u00e4rme. Eine bestimmte Art von Abfall zuerst<br \/>es wird vorbereitet und dann thermisch zu einem effektiven verarbeitet<br \/>rohstoffe (\u00d6l, Kohlenstoff, Gas), die weiter angewendet werden k\u00f6nnen<br \/>Industrien.<\/p><p><br \/>Die Vakuumthermolyse ist eine effiziente und \u00f6kologische L\u00f6sung auf dem Gebiet<br \/>Recyclingmaterial, und es kann als ein komplexes System der Zukunft betrachtet werden,<br \/>die es erm\u00f6glicht, bis zu 100% des Abfalls in Form von Rohstoffen oder Energie anzuwenden.<\/p>\n\t\t\t\t\t<\/div>\n\t\t\t\t\t\t<\/div>\n\t\t\t\t<\/div>\n\t\t\t\t<div class=\"elementor-element elementor-element-7c748ef elementor-widget elementor-widget-wd_title\" data-id=\"7c748ef\" data-element_type=\"widget\" data-e-type=\"widget\" data-widget_type=\"wd_title.default\">\n\t\t\t\t<div class=\"elementor-widget-container\">\n\t\t\t\t\t\t\t<div class=\"title-wrapper set-mb-s reset-last-child wd-title-color-default wd-title-style-default wd-title-size-default text-left\">\n\n\t\t\t\n\t\t\t<div class=\"liner-continer\">\n\t\t\t\t<h4 class=\"woodmart-title-container title wd-fontsize-l\">Vorteile der Abfallbehandlung durch Vakuum<br \/>\nThermolyse:<\/h4> \n\t\t\t\t\t\t\t<\/div>\n\n\t\t\t\t\t<\/div>\n\t\t\t\t\t\t<\/div>\n\t\t\t\t<\/div>\n\t\t\t\t\t<\/div>\n\t\t\t\t<\/div>\n\t\t<div class=\"elementor-element elementor-element-d81715c e-flex e-con-boxed wd-section-disabled e-con e-parent\" data-id=\"d81715c\" data-element_type=\"container\" data-e-type=\"container\">\n\t\t\t\t\t<div class=\"e-con-inner\">\n\t\t\t\t<div class=\"elementor-element elementor-element-0641fa9 elementor-widget elementor-widget-wd_text_block\" data-id=\"0641fa9\" data-element_type=\"widget\" data-e-type=\"widget\" data-widget_type=\"wd_text_block.default\">\n\t\t\t\t<div class=\"elementor-widget-container\">\n\t\t\t\t\t\t\t<div class=\"wd-text-block reset-last-child text-left\">\n\t\t\t\n\t\t\t<ul><li style=\"text-align: left;\">Effektive L\u00f6sung f\u00fcr Abfallprobleme;<\/li><li style=\"text-align: left;\">Geringere Kosten f\u00fcr die Verarbeitung und Lagerung von Abf\u00e4llen;<\/li><li style=\"text-align: left;\">Stabile und langfristige kommen aus dem Verkauf von Rohstoffen<br \/>und\/oder Energie;<\/li><li style=\"text-align: left;\">Niedrige Betriebskosten: Ein Teil der erzeugten Energie wird verwendet<br \/>f\u00fcr den Betrieb der Ausr\u00fcstung;<\/li><li style=\"text-align: left;\">Verringerung der Umweltbelastung, die dadurch entsteht<br \/>lagerung von Abf\u00e4llen;<\/li><li style=\"text-align: left;\">Minimierung sch\u00e4dlicher Emissionen durch innovative Methoden<br \/>reinigungs- und Recyclingtechnologien nach dem Prinzip des geschlossenen Kreislaufs, ohne<br \/>fl\u00fcchtige Emissionen;<\/li><li style=\"text-align: left;\">Ein kontinuierlicher Prozess der Abfallbehandlung erm\u00f6glicht das Erhalten<br \/>endprodukte von Standardqualit\u00e4t und Minimierung von Abf\u00e4llen<br \/>nach der Verarbeitung.<\/li><\/ul>\n\t\t\t\t\t<\/div>\n\t\t\t\t\t\t<\/div>\n\t\t\t\t<\/div>\n\t\t\t\t<div class=\"elementor-element elementor-element-84ce51b elementor-widget elementor-widget-wd_title\" data-id=\"84ce51b\" data-element_type=\"widget\" data-e-type=\"widget\" data-widget_type=\"wd_title.default\">\n\t\t\t\t<div class=\"elementor-widget-container\">\n\t\t\t\t\t\t\t<div class=\"title-wrapper set-mb-s reset-last-child wd-title-color-default wd-title-style-default wd-title-size-default text-left\">\n\n\t\t\t\n\t\t\t<div class=\"liner-continer\">\n\t\t\t\t<h4 class=\"woodmart-title-container title wd-fontsize-l\">Arten von Abf\u00e4llen, die durch Vakuum verarbeitet werden<br \/>\nThermolyse:<\/h4> \n\t\t\t\t\t\t\t<\/div>\n\n\t\t\t\t\t<\/div>\n\t\t\t\t\t\t<\/div>\n\t\t\t\t<\/div>\n\t\t\t\t\t<\/div>\n\t\t\t\t<\/div>\n\t\t<div class=\"elementor-element elementor-element-982e9c4 e-flex e-con-boxed wd-section-disabled e-con e-parent\" data-id=\"982e9c4\" data-element_type=\"container\" data-e-type=\"container\">\n\t\t\t\t\t<div class=\"e-con-inner\">\n\t\t\t\t<div class=\"elementor-element elementor-element-e51577e elementor-widget elementor-widget-wd_text_block\" data-id=\"e51577e\" data-element_type=\"widget\" data-e-type=\"widget\" data-widget_type=\"wd_text_block.default\">\n\t\t\t\t<div class=\"elementor-widget-container\">\n\t\t\t\t\t\t\t<div class=\"wd-text-block reset-last-child text-left\">\n\t\t\t\n\t\t\t<ul><li>Abf\u00e4lle, die nach der Verarbeitung von petrochemischen Produkten entstehen;<\/li><li>Verarbeitung von nach der Schieferproduktion entstehenden B\u00f6den<br \/>Oel;<\/li><li>Recycling von Reifen und Gummi (aus industrieller Produktion,<br \/>haushalte, Sammelstellen, Auto-Deponien, Reifen, und<br \/>usw.)<\/li><li>Recycling von Kunststoffen (aus industrieller Produktion, zu Hause<br \/>betriebe, Sammelstellen usw.)<\/li><\/ul>\n\t\t\t\t\t<\/div>\n\t\t\t\t\t\t<\/div>\n\t\t\t\t<\/div>\n\t\t\t\t\t<\/div>\n\t\t\t\t<\/div>\n\t\t<div class=\"elementor-element elementor-element-9fcc7de e-flex e-con-boxed wd-section-disabled e-con e-parent\" data-id=\"9fcc7de\" data-element_type=\"container\" data-e-type=\"container\">\n\t\t\t\t\t<div class=\"e-con-inner\">\n\t\t\t\t<div class=\"elementor-element elementor-element-967c5a9 elementor-widget elementor-widget-wd_text_block\" data-id=\"967c5a9\" data-element_type=\"widget\" data-e-type=\"widget\" data-widget_type=\"wd_text_block.default\">\n\t\t\t\t<div class=\"elementor-widget-container\">\n\t\t\t\t\t\t\t<div class=\"wd-text-block reset-last-child text-left\">\n\t\t\t\n\t\t\t<p>EK-ARENG O\u0170 bietet die AHK mit Leistung an;<br \/>GES ET250 Kapazit\u00e4t 250 kg\/h, <a href=\"https:\/\/ek-areng.ee\/de\/%d0%b5%d0%ba-e%d1%82-250%d1%82-%d1%82%d0%b5%d1%85%d0%bd%d0%b8%d1%87%d0%b5%d1%81%d0%ba%d0%b8%d0%b5-%d1%85%d0%b0%d1%80%d0%b0%d0%ba%d1%82%d0%b5%d1%80%d0%b8%d1%81%d1%82%d0%b8%d0%ba%d0%b8\/\"><span style=\"text-decoration: underline;\"><strong><span style=\"color: #339966; text-decoration: underline;\">technische Eigenschaften;<\/span><\/strong><\/span><\/a><br \/>GES ET500 Kapazit\u00e4t 500 Kg\/h, <a href=\"https:\/\/ek-areng.ee\/de\/ek-et-500%d1%82-%d1%82%d0%b5%d1%85%d0%bd%d0%b8%d1%87%d0%b5%d1%81%d0%ba%d0%b8%d0%b5-%d1%85%d0%b0%d1%80%d0%b0%d0%ba%d1%82%d0%b5%d1%80%d0%b8%d1%81%d1%82%d0%b8%d0%ba%d0%b8\/\"><span style=\"text-decoration: underline;\"><strong><span style=\"color: #339966; text-decoration: underline;\">technische Eigenschaften;<\/span><\/strong><\/span><\/a><br \/>GES ET2500 Kapazit\u00e4t 2500 Kg\/h, <a href=\"https:\/\/ek-areng.ee\/de\/ges-e%d1%82-2500%d1%82-%d1%82%d0%b5%d1%85%d0%bd%d0%b8%d1%87%d0%b5%d1%81%d0%ba%d0%b8%d0%b5-%d1%85%d0%b0%d1%80%d0%b0%d0%ba%d1%82%d0%b5%d1%80%d0%b8%d1%81%d1%82%d0%b8%d0%ba%d0%b8\/\"><span style=\"text-decoration: underline;\"><strong><span style=\"color: #339966; text-decoration: underline;\">technische Eigenschaften;<\/span><\/strong><\/span><\/a><br \/>GES ET2*2500 Kapazit\u00e4t 2500 Kg\/h, <a href=\"https:\/\/ek-areng.ee\/de\/ges-e%d1%82-2500%d1%82-%d1%82%d0%b5%d1%85%d0%bd%d0%b8%d1%87%d0%b5%d1%81%d0%ba%d0%b8%d0%b5-%d1%85%d0%b0%d1%80%d0%b0%d0%ba%d1%82%d0%b5%d1%80%d0%b8%d1%81%d1%82%d0%b8%d0%ba%d0%b8\/\"><span style=\"text-decoration: underline;\"><strong><span style=\"color: #339966; text-decoration: underline;\">technische Eigenschaften;<\/span><\/strong><\/span><\/a><\/p><p>EK-ARENG O \u0432\u044b\u043f\u043e\u043b\u043d\u044f\u0435\u0442 f\u00fchrt die Entwicklung, Herstellung und<br \/>installation einer AHK mit einer anderen Leistung, die f\u00fcr<br \/>umwandlung von Abf\u00e4llen in Rohstoffe und Energie.<\/p>\n\t\t\t\t\t<\/div>\n\t\t\t\t\t\t<\/div>\n\t\t\t\t<\/div>\n\t\t\t\t\t<\/div>\n\t\t\t\t<\/div>\n\t\t<div class=\"elementor-element elementor-element-6be2426 e-flex e-con-boxed wd-section-disabled e-con e-parent\" data-id=\"6be2426\" data-element_type=\"container\" data-e-type=\"container\">\n\t\t\t\t\t<div class=\"e-con-inner\">\n\t\t\t\t<div class=\"elementor-element elementor-element-3ffb533 elementor-widget elementor-widget-wd_title\" data-id=\"3ffb533\" data-element_type=\"widget\" data-e-type=\"widget\" data-widget_type=\"wd_title.default\">\n\t\t\t\t<div class=\"elementor-widget-container\">\n\t\t\t\t\t\t\t<div class=\"title-wrapper set-mb-s reset-last-child wd-title-color-default wd-title-style-default wd-title-size-default text-left\">\n\n\t\t\t\n\t\t\t<div class=\"liner-continer\">\n\t\t\t\t<h4 class=\"woodmart-title-container title wd-fontsize-l\">Ausgangsprodukte der Thermolyse - anwendbar in<br \/>\nindustrie rohstoffe und Energie:<\/h4> \n\t\t\t\t\t\t\t<\/div>\n\n\t\t\t\t\t<\/div>\n\t\t\t\t\t\t<\/div>\n\t\t\t\t<\/div>\n\t\t\t\t<div class=\"elementor-element elementor-element-080e416 elementor-widget elementor-widget-wd_text_block\" data-id=\"080e416\" data-element_type=\"widget\" data-e-type=\"widget\" data-widget_type=\"wd_text_block.default\">\n\t\t\t\t<div class=\"elementor-widget-container\">\n\t\t\t\t\t\t\t<div class=\"wd-text-block reset-last-child text-left\">\n\t\t\t\n\t\t\t<ul><li>Gas (wird verwendet, um den Pyrolyseprozess selbst zu gew\u00e4hrleisten oder<br \/>Energieerzeugung)<\/li><li>Fl\u00fcssiges Pyrolyse\u00f6l (synthetisches Heiz\u00f6l f\u00fcr Kraftstoff oder<br \/>rohstoffe f\u00fcr die chemische Industrie)<\/li><li>Kohlenstoff<\/li><li>Strom<\/li><li>Warm<\/li><\/ul>\n\t\t\t\t\t<\/div>\n\t\t\t\t\t\t<\/div>\n\t\t\t\t<\/div>\n\t\t\t\t\t<\/div>\n\t\t\t\t<\/div>\n\t\t<div class=\"elementor-element elementor-element-f051425 e-flex e-con-boxed wd-section-disabled e-con e-parent\" data-id=\"f051425\" data-element_type=\"container\" data-e-type=\"container\">\n\t\t\t\t\t<div class=\"e-con-inner\">\n\t\t\t\t<div class=\"elementor-element elementor-element-63e10b4 elementor-widget elementor-widget-wd_title\" data-id=\"63e10b4\" data-element_type=\"widget\" data-e-type=\"widget\" data-widget_type=\"wd_title.default\">\n\t\t\t\t<div class=\"elementor-widget-container\">\n\t\t\t\t\t\t\t<div class=\"title-wrapper set-mb-s reset-last-child wd-title-color-default wd-title-style-default wd-title-size-default text-left\">\n\n\t\t\t\n\t\t\t<div class=\"liner-continer\">\n\t\t\t\t<h4 class=\"woodmart-title-container title wd-fontsize-l\">Unsere Dienstleistungen:<\/h4> \n\t\t\t\t\t\t\t<\/div>\n\n\t\t\t\t\t<\/div>\n\t\t\t\t\t\t<\/div>\n\t\t\t\t<\/div>\n\t\t\t\t<div class=\"elementor-element elementor-element-7564a11 elementor-widget elementor-widget-wd_text_block\" data-id=\"7564a11\" data-element_type=\"widget\" data-e-type=\"widget\" data-widget_type=\"wd_text_block.default\">\n\t\t\t\t<div class=\"elementor-widget-container\">\n\t\t\t\t\t\t\t<div class=\"wd-text-block reset-last-child text-left\">\n\t\t\t\n\t\t\t<ul><li>Engineering, Entwicklung des Linienprojekts f\u00fcr Thermolyse und technische<br \/>dokumentation: Basisprojekt und Detailprojekt;<\/li><li>AHK-Fertigung;<\/li><li>Versorgung: Versorgung mit technologischen Ger\u00e4ten und Komponenten, Bl\u00f6cken und Ersatzteilen sichern;<\/li><li>Transport, Montage und Inbetriebnahme, einschlie\u00dflich Garantiepr\u00fcfungen<\/li><li>Technische Unterst\u00fctzung f\u00fcr den Betrieb des Ger\u00e4ts.<\/li><li>Garantie- und Nachgarantieservice.<\/li><\/ul><p>Die Thermolyseausr\u00fcstung wird so konzipiert und angeboten, dass sie<br \/>alle europ\u00e4ischen Emissionsvorschriften und -vorschriften wurden erf\u00fcllt<br \/>sch\u00e4dlicher Stoff,<\/p>\n\t\t\t\t\t<\/div>\n\t\t\t\t\t\t<\/div>\n\t\t\t\t<\/div>\n\t\t\t\t\t<\/div>\n\t\t\t\t<\/div>\n\t\t\t\t<\/div>\n\t\t","protected":false},"excerpt":{"rendered":"<p>Vakuumthermolise\u00f6fen Die Vakuumthermolyse ist ein thermisch Depolymerisierungsprozess,entfaltet kohlenstoffhaltige Materialien ohne Sauerstoffzugang. Prinzipdiese Methode ist die thermische Umwandlung verschiedener Abfallarten inrohstoff,<\/p>\n","protected":false},"author":1,"featured_media":0,"parent":0,"menu_order":0,"comment_status":"closed","ping_status":"closed","template":"","meta":{"footnotes":""},"class_list":["post-17618","page","type-page","status-publish","hentry"],"_links":{"self":[{"href":"https:\/\/ek-areng.ee\/de\/wp-json\/wp\/v2\/pages\/17618","targetHints":{"allow":["GET"]}}],"collection":[{"href":"https:\/\/ek-areng.ee\/de\/wp-json\/wp\/v2\/pages"}],"about":[{"href":"https:\/\/ek-areng.ee\/de\/wp-json\/wp\/v2\/types\/page"}],"author":[{"embeddable":true,"href":"https:\/\/ek-areng.ee\/de\/wp-json\/wp\/v2\/users\/1"}],"replies":[{"embeddable":true,"href":"https:\/\/ek-areng.ee\/de\/wp-json\/wp\/v2\/comments?post=17618"}],"version-history":[{"count":12,"href":"https:\/\/ek-areng.ee\/de\/wp-json\/wp\/v2\/pages\/17618\/revisions"}],"predecessor-version":[{"id":17970,"href":"https:\/\/ek-areng.ee\/de\/wp-json\/wp\/v2\/pages\/17618\/revisions\/17970"}],"wp:attachment":[{"href":"https:\/\/ek-areng.ee\/de\/wp-json\/wp\/v2\/media?parent=17618"}],"curies":[{"name":"wp","href":"https:\/\/api.w.org\/{rel}","templated":true}]}}