{"id":17624,"date":"2026-02-01T19:19:43","date_gmt":"2026-02-01T16:19:43","guid":{"rendered":"https:\/\/ek-areng.ee\/%d0%ba%d0%be%d0%bc%d0%bf%d0%bb%d0%b5%d0%ba%d1%81-%d0%bf%d0%be-%d1%83%d1%82%d0%b8%d0%bb%d0%b8%d0%b7%d0%b0%d1%86%d0%b8%d0%b8-%d0%b4%d1%8b%d0%bc%d0%be%d0%b2%d1%8b%d1%85-%d0%b3%d0%b0%d0%b7%d0%be%d0%b2\/"},"modified":"2026-03-05T23:12:40","modified_gmt":"2026-03-05T20:12:40","slug":"der-komplex-fuer-die-entsorgung-von-rauchgasen","status":"publish","type":"page","link":"https:\/\/ek-areng.ee\/de\/der-komplex-fuer-die-entsorgung-von-rauchgasen\/","title":{"rendered":"Der Komplex f\u00fcr die Entsorgung von Rauchgasen"},"content":{"rendered":"\t\t<div data-elementor-type=\"wp-page\" data-elementor-id=\"17624\" class=\"elementor elementor-17624 elementor-15805\">\n\t\t\t\t<div class=\"elementor-element elementor-element-5242f0a e-flex e-con-boxed wd-section-disabled e-con e-parent\" data-id=\"5242f0a\" data-element_type=\"container\" data-e-type=\"container\">\n\t\t\t\t\t<div class=\"e-con-inner\">\n\t\t\t\t<div class=\"elementor-element elementor-element-81685ad elementor-widget-divider--view-line elementor-widget elementor-widget-divider\" data-id=\"81685ad\" data-element_type=\"widget\" data-e-type=\"widget\" data-widget_type=\"divider.default\">\n\t\t\t\t\t\t\t<div class=\"elementor-divider\">\n\t\t\t<span class=\"elementor-divider-separator\">\n\t\t\t\t\t\t<\/span>\n\t\t<\/div>\n\t\t\t\t\t\t<\/div>\n\t\t\t\t\t<\/div>\n\t\t\t\t<\/div>\n\t\t<div class=\"elementor-element elementor-element-c4ece91 e-flex e-con-boxed wd-section-disabled e-con e-parent\" data-id=\"c4ece91\" data-element_type=\"container\" data-e-type=\"container\">\n\t\t\t\t\t<div class=\"e-con-inner\">\n\t\t\t\t<div class=\"elementor-element elementor-element-666a829 elementor-widget elementor-widget-wd_title\" data-id=\"666a829\" data-element_type=\"widget\" data-e-type=\"widget\" data-widget_type=\"wd_title.default\">\n\t\t\t\t<div class=\"elementor-widget-container\">\n\t\t\t\t\t\t\t<div class=\"title-wrapper set-mb-s reset-last-child wd-title-color-default wd-title-style-default wd-title-size-default text-left\">\n\n\t\t\t\t\t\t\t<div class=\"title-subtitle subtitle-color-default subtitle-style-default wd-fontsize-xs\">\n\t\t\t\t\tEK Areng O\u00dc\t\t\t\t<\/div>\n\t\t\t\n\t\t\t<div class=\"liner-continer\">\n\t\t\t\t<h4 class=\"woodmart-title-container title wd-fontsize-l\">Der Komplex f\u00fcr die Entsorgung von Rauchgasen<\/h4> \n\t\t\t\t\t\t\t<\/div>\n\n\t\t\t\t\t<\/div>\n\t\t\t\t\t\t<\/div>\n\t\t\t\t<\/div>\n\t\t\t\t\t<\/div>\n\t\t\t\t<\/div>\n\t\t<div class=\"elementor-element elementor-element-5479ef3 e-flex e-con-boxed wd-section-disabled e-con e-parent\" data-id=\"5479ef3\" data-element_type=\"container\" data-e-type=\"container\">\n\t\t\t\t\t<div class=\"e-con-inner\">\n\t\t<div class=\"elementor-element elementor-element-ab03e49 e-con-full e-flex wd-section-disabled e-con e-child\" data-id=\"ab03e49\" data-element_type=\"container\" data-e-type=\"container\">\n\t\t\t\t<div class=\"elementor-element elementor-element-a1af74f elementor-widget elementor-widget-wd_text_block\" data-id=\"a1af74f\" data-element_type=\"widget\" data-e-type=\"widget\" data-widget_type=\"wd_text_block.default\">\n\t\t\t\t<div class=\"elementor-widget-container\">\n\t\t\t\t\t\t\t<div class=\"wd-text-block reset-last-child text-left\">\n\t\t\t\n\t\t\t<p>EK Areng O\u00dc, entwickelt technische Aufgabe, Konstruktion, Fertigung, Layout, Lieferung, Montage, Inbetriebnahme und Wartung der Extraktionsstation EURI 2000.<\/p><p>Die Hauptzweck der Extraktionsstation EURI 2000 ist es, Kohlendioxid CO2 aus den nach der Pyrolyse von Erdgas erzeugten Rauchgasen freizusetzen, zu reinigen und zu verfl\u00fcssigen. Das resultierende Kohlendioxid in Lebensmitteln entspricht der europ\u00e4ischen Norm EN1035 und eignet sich f\u00fcr folgende Branchen und Anwendungen;<\/p><p>- catering-Unternehmen;<\/p><p>- Brauereien;<\/p><p>- herstellung von alkoholfreien Getr\u00e4nken;<\/p><p>- herstellung von kohlens\u00e4urehaltigem Mineral- und Trinkwasser;<\/p><p>- l\u00f6schanlagen;<\/p><p>- gew\u00e4chshauswirtschaft;<\/p><p>- lebensmittelverpackungen;<\/p><p>- schwei\u00dfger\u00e4te<\/p><p>Die Extraktionsstation EURI 2000 produziert 2.500 kg \/ h CO\u2082-Kohlendioxid und wird in ein Kraftwerk mit einer Leistung von 10 MW integriert und verwendet, das von verschiedenen Herstellern mit Gas- und Kolbengasanlagen (GPU) betrieben wird.<\/p><p>Die Extraktionsstation EURI 2000 ist ein Komplettprodukt mit vollst\u00e4ndiger Werksbereitschaft, das alle erforderlichen Einheiten enth\u00e4lt, um den beabsichtigten Betrieb zu gew\u00e4hrleisten.<\/p><p>Der Betriebsmodus ist rund um die Uhr im automatischen Modus.<\/p><p>Der Typ und die konstruktive Ausf\u00fchrung der Extraktionsstation EURI 2000 entsprechen den Konstruktionsdokumenten.<\/p><p>Die Konstruktion der Extraktionsstation gew\u00e4hrleistet einen zuverl\u00e4ssigen und sicheren Betrieb \u00fcber eine festgelegte Lebensdauer und erm\u00f6glicht die Durchf\u00fchrung von Wartung, Reinigung, Reparatur und Betriebspr\u00fcfungen.<\/p><p>Die konstruktive L\u00f6sung der Extraktionsstation wurde unter Ber\u00fccksichtigung der Anforderungen an Brandschutz, Sicherheit der Bediener bei Montage und Betrieb realisiert.<\/p><p>Um hochfrequentes Kohlendioxid zu erzeugen, ist die Extraktionsstation mit einem Rektifikationssystem ausgestattet, um nicht kondensierende Gase zu entfernen.<\/p><p>Gro\u00dfe Baugruppen (einschlie\u00dflich S\u00e4ulenausr\u00fcstung) sind zerlegbar, um den Transport zum Kundengel\u00e4nde zu erleichtern.<\/p>\n\t\t\t\t\t<\/div>\n\t\t\t\t\t\t<\/div>\n\t\t\t\t<\/div>\n\t\t\t\t<\/div>\n\t\t<div class=\"elementor-element elementor-element-05b269f e-con-full e-flex wd-section-disabled e-con e-child\" data-id=\"05b269f\" data-element_type=\"container\" data-e-type=\"container\">\n\t\t\t\t<div class=\"elementor-element elementor-element-f98ef5f elementor-widget elementor-widget-wd_image_or_svg\" data-id=\"f98ef5f\" data-element_type=\"widget\" data-e-type=\"widget\" data-widget_type=\"wd_image_or_svg.default\">\n\t\t\t\t<div class=\"elementor-widget-container\">\n\t\t\t\t\t\n\t\t<div class=\"wd-image text-right\">\n\t\t\t\t\t\t\t\t<img fetchpriority=\"high\" decoding=\"async\" width=\"514\" height=\"1166\" src=\"https:\/\/ek-areng.ee\/wp-content\/uploads\/2026\/02\/33.jpg\" class=\"attachment-full size-full\" alt=\"\" srcset=\"https:\/\/ek-areng.ee\/wp-content\/uploads\/2026\/02\/33.jpg 514w, https:\/\/ek-areng.ee\/wp-content\/uploads\/2026\/02\/33-132x300.jpg 132w, https:\/\/ek-areng.ee\/wp-content\/uploads\/2026\/02\/33-353x800.jpg 353w, https:\/\/ek-areng.ee\/wp-content\/uploads\/2026\/02\/33-430x975.jpg 430w, https:\/\/ek-areng.ee\/wp-content\/uploads\/2026\/02\/33-150x340.jpg 150w\" sizes=\"(max-width: 514px) 100vw, 514px\" \/>\t\t\t\t\t<\/div>\n\n\t\t\t\t\t\t<\/div>\n\t\t\t\t<\/div>\n\t\t\t\t<\/div>\n\t\t\t\t\t<\/div>\n\t\t\t\t<\/div>\n\t\t<div class=\"elementor-element elementor-element-0203d84 e-flex e-con-boxed wd-section-disabled e-con e-parent\" data-id=\"0203d84\" data-element_type=\"container\" data-e-type=\"container\">\n\t\t\t\t\t<div class=\"e-con-inner\">\n\t\t<div class=\"elementor-element elementor-element-13b23a5 e-con-full e-flex wd-section-disabled e-con e-child\" data-id=\"13b23a5\" data-element_type=\"container\" data-e-type=\"container\">\n\t\t\t\t<div class=\"elementor-element elementor-element-3167b21 elementor-widget elementor-widget-wd_image_or_svg\" data-id=\"3167b21\" data-element_type=\"widget\" data-e-type=\"widget\" data-widget_type=\"wd_image_or_svg.default\">\n\t\t\t\t<div class=\"elementor-widget-container\">\n\t\t\t\t\t\n\t\t<div class=\"wd-image text-left\">\n\t\t\t\t\t\t\t\t<img decoding=\"async\" width=\"262\" height=\"300\" src=\"https:\/\/ek-areng.ee\/wp-content\/uploads\/2026\/02\/Picture2-262x300.png\" class=\"attachment-medium size-medium\" alt=\"\" srcset=\"https:\/\/ek-areng.ee\/wp-content\/uploads\/2026\/02\/Picture2-262x300.png 262w, https:\/\/ek-areng.ee\/wp-content\/uploads\/2026\/02\/Picture2-698x800.png 698w, https:\/\/ek-areng.ee\/wp-content\/uploads\/2026\/02\/Picture2-768x880.png 768w, https:\/\/ek-areng.ee\/wp-content\/uploads\/2026\/02\/Picture2-860x986.png 860w, https:\/\/ek-areng.ee\/wp-content\/uploads\/2026\/02\/Picture2-430x493.png 430w, https:\/\/ek-areng.ee\/wp-content\/uploads\/2026\/02\/Picture2-700x802.png 700w, https:\/\/ek-areng.ee\/wp-content\/uploads\/2026\/02\/Picture2-150x172.png 150w, https:\/\/ek-areng.ee\/wp-content\/uploads\/2026\/02\/Picture2.png 1587w\" sizes=\"(max-width: 262px) 100vw, 262px\" \/>\t\t\t\t\t<\/div>\n\n\t\t\t\t\t\t<\/div>\n\t\t\t\t<\/div>\n\t\t\t\t<\/div>\n\t\t<div class=\"elementor-element elementor-element-6fc276f e-con-full e-flex wd-section-disabled e-con e-child\" data-id=\"6fc276f\" data-element_type=\"container\" data-e-type=\"container\">\n\t\t\t\t<div class=\"elementor-element elementor-element-ad9cb99 elementor-widget elementor-widget-wd_text_block\" data-id=\"ad9cb99\" data-element_type=\"widget\" data-e-type=\"widget\" data-widget_type=\"wd_text_block.default\">\n\t\t\t\t<div class=\"elementor-widget-container\">\n\t\t\t\t\t\t\t<div class=\"wd-text-block reset-last-child text-left\">\n\t\t\t\n\t\t\t<p><a href=\"https:\/\/ek-areng.ee\/de\/beschreibung-des-verfahrens-zur-extraktion-von-co-2-abgasen-abgase\/\"><span style=\"text-decoration: underline; color: #339966;\"><strong>- beschreibung des Verfahrens zur CO2-Extraktion aus Rauchgasen (Abgase)<\/strong><\/span><\/a><\/p><p><a href=\"https:\/\/ek-areng.ee\/de\/die-wichtigsten-technischen-daten-der-euri-2000-baustation\/\"><span style=\"text-decoration: underline; color: #339966;\"><strong>- technische Grunddaten der EURI 2000-Baustation<\/strong><\/span><\/a><\/p><p><a href=\"https:\/\/ek-areng.ee\/de\/kompanieren-stationen-euri-2000\/\"><span style=\"text-decoration: underline; color: #339966;\"><strong>- Anbaustation EURI 2000<\/strong><\/span><\/a><\/p><p><a href=\"https:\/\/ek-areng.ee\/de\/phasen-der-projektumsetzung\/\"><span style=\"text-decoration: underline; color: #339966;\"><strong>- phasen der Projektumsetzung<\/strong><\/span><\/a><\/p><p><a href=\"https:\/\/ek-areng.ee\/de\/kontaktieren\/\"><span style=\"text-decoration: underline; color: #339966;\"><strong>- Kontakte<\/strong><\/span><\/a><\/p>\n\t\t\t\t\t<\/div>\n\t\t\t\t\t\t<\/div>\n\t\t\t\t<\/div>\n\t\t\t\t<\/div>\n\t\t\t\t\t<\/div>\n\t\t\t\t<\/div>\n\t\t<div class=\"elementor-element elementor-element-451c36f e-flex e-con-boxed wd-section-disabled e-con e-parent\" data-id=\"451c36f\" data-element_type=\"container\" data-e-type=\"container\">\n\t\t\t\t\t<div class=\"e-con-inner\">\n\t\t\t\t<div class=\"elementor-element elementor-element-c2b5fa7 elementor-widget elementor-widget-wd_contact_form_7\" data-id=\"c2b5fa7\" data-element_type=\"widget\" data-e-type=\"widget\" id=\"FormGer\" data-widget_type=\"wd_contact_form_7.default\">\n\t\t\t\t<div class=\"elementor-widget-container\">\n\t\t\t\t\t\n<div class=\"wpcf7 no-js\" id=\"wpcf7-f17839-o1\" lang=\"ru-RU\" dir=\"ltr\" data-wpcf7-id=\"17839\">\n<div class=\"screen-reader-response\"><p role=\"status\" aria-live=\"polite\" aria-atomic=\"true\"><\/p> <ul><\/ul><\/div>\n<form action=\"\/de\/wp-json\/wp\/v2\/pages\/17624#wpcf7-f17839-o1\" method=\"post\" class=\"wpcf7-form init\" aria-label=\"\u041a\u043e\u043d\u0442\u0430\u043a\u0442\u043d\u0430\u044f \u0444\u043e\u0440\u043c\u0430\" novalidate=\"novalidate\" data-status=\"init\">\n<fieldset class=\"hidden-fields-container\"><input type=\"hidden\" name=\"_wpcf7\" value=\"17839\" \/><input type=\"hidden\" name=\"_wpcf7_version\" value=\"6.1.5\" \/><input type=\"hidden\" name=\"_wpcf7_locale\" value=\"ru_RU\" \/><input type=\"hidden\" name=\"_wpcf7_unit_tag\" value=\"wpcf7-f17839-o1\" \/><input type=\"hidden\" name=\"_wpcf7_container_post\" value=\"0\" \/><input type=\"hidden\" name=\"_wpcf7_posted_data_hash\" value=\"\" \/>\n<\/fieldset>\n<h3>FRAGEBOGEN Nr. 1\n<\/h3>\n<h4>INFORMATIONEN ZUM KUNDEN\n<\/h4>\n<p><label>Firmenname<\/label><br \/>\n<span class=\"wpcf7-form-control-wrap\" data-name=\"company-name\"><input size=\"40\" maxlength=\"400\" class=\"wpcf7-form-control wpcf7-text wpcf7-validates-as-required\" aria-required=\"true\" aria-invalid=\"false\" value=\"\" type=\"text\" name=\"company-name\" \/><\/span>\n<\/p>\n<p><label>Adresse<\/label><br \/>\n<span class=\"wpcf7-form-control-wrap\" data-name=\"company-address\"><input size=\"40\" maxlength=\"400\" class=\"wpcf7-form-control wpcf7-text wpcf7-validates-as-required\" aria-required=\"true\" aria-invalid=\"false\" value=\"\" type=\"text\" name=\"company-address\" \/><\/span>\n<\/p>\n<h4>Ansprechpartner f\u00fcr technische Fragen\n<\/h4>\n<p><label>Vollst\u00e4ndiger Name<\/label><br \/>\n<span class=\"wpcf7-form-control-wrap\" data-name=\"tech-name\"><input size=\"40\" maxlength=\"400\" class=\"wpcf7-form-control wpcf7-text wpcf7-validates-as-required\" aria-required=\"true\" aria-invalid=\"false\" value=\"\" type=\"text\" name=\"tech-name\" \/><\/span>\n<\/p>\n<p><label>Position<\/label><br \/>\n<span class=\"wpcf7-form-control-wrap\" data-name=\"tech-position\"><input size=\"40\" maxlength=\"400\" class=\"wpcf7-form-control wpcf7-text\" aria-invalid=\"false\" value=\"\" type=\"text\" name=\"tech-position\" \/><\/span>\n<\/p>\n<p><label>Telefon<\/label><br \/>\n<span class=\"wpcf7-form-control-wrap\" data-name=\"tech-phone\"><input size=\"40\" maxlength=\"400\" class=\"wpcf7-form-control wpcf7-tel wpcf7-validates-as-required wpcf7-text wpcf7-validates-as-tel\" aria-required=\"true\" aria-invalid=\"false\" value=\"\" type=\"tel\" name=\"tech-phone\" \/><\/span>\n<\/p>\n<p><label>E-Mail<\/label><br \/>\n<span class=\"wpcf7-form-control-wrap\" data-name=\"tech-email\"><input size=\"40\" maxlength=\"400\" class=\"wpcf7-form-control wpcf7-email wpcf7-validates-as-required wpcf7-text wpcf7-validates-as-email\" aria-required=\"true\" aria-invalid=\"false\" value=\"\" type=\"email\" name=\"tech-email\" \/><\/span>\n<\/p>\n<h4>Ansprechpartner f\u00fcr kaufm\u00e4nnische Fragen\n<\/h4>\n<p><label>Vollst\u00e4ndiger Name<\/label><br \/>\n<span class=\"wpcf7-form-control-wrap\" data-name=\"econ-name\"><input size=\"40\" maxlength=\"400\" class=\"wpcf7-form-control wpcf7-text\" aria-invalid=\"false\" value=\"\" type=\"text\" name=\"econ-name\" \/><\/span>\n<\/p>\n<p><label>Position<\/label><br \/>\n<span class=\"wpcf7-form-control-wrap\" data-name=\"econ-position\"><input size=\"40\" maxlength=\"400\" class=\"wpcf7-form-control wpcf7-text\" aria-invalid=\"false\" value=\"\" type=\"text\" name=\"econ-position\" \/><\/span>\n<\/p>\n<p><label>Telefon<\/label><br \/>\n<span class=\"wpcf7-form-control-wrap\" data-name=\"econ-phone\"><input size=\"40\" maxlength=\"400\" class=\"wpcf7-form-control wpcf7-tel wpcf7-text wpcf7-validates-as-tel\" aria-invalid=\"false\" value=\"\" type=\"tel\" name=\"econ-phone\" \/><\/span>\n<\/p>\n<p><label>E-Mail<\/label><br \/>\n<span class=\"wpcf7-form-control-wrap\" data-name=\"econ-email\"><input size=\"40\" maxlength=\"400\" class=\"wpcf7-form-control wpcf7-email wpcf7-text wpcf7-validates-as-email\" aria-invalid=\"false\" value=\"\" type=\"email\" name=\"econ-email\" \/><\/span>\n<\/p>\n<h4>INFORMATIONEN ZUM OBJEKT\n<\/h4>\n<p><label>Bezeichnung des Objekts<\/label><br \/>\n<span class=\"wpcf7-form-control-wrap\" data-name=\"object-name\"><input size=\"40\" maxlength=\"400\" class=\"wpcf7-form-control wpcf7-text wpcf7-validates-as-required\" aria-required=\"true\" aria-invalid=\"false\" value=\"\" type=\"text\" name=\"object-name\" \/><\/span>\n<\/p>\n<p><label>Adresse des Objekts<\/label><br \/>\n<span class=\"wpcf7-form-control-wrap\" data-name=\"object-address\"><input size=\"40\" maxlength=\"400\" class=\"wpcf7-form-control wpcf7-text wpcf7-validates-as-required\" aria-required=\"true\" aria-invalid=\"false\" value=\"\" type=\"text\" name=\"object-address\" \/><\/span>\n<\/p>\n<p><label>Beschreibung der Hauptt\u00e4tigkeit<\/label><br \/>\n<span class=\"wpcf7-form-control-wrap\" data-name=\"object-description\"><textarea cols=\"40\" rows=\"10\" maxlength=\"2000\" class=\"wpcf7-form-control wpcf7-textarea\" aria-invalid=\"false\" name=\"object-description\"><\/textarea><\/span>\n<\/p>\n<p><label>Entfernung zum Wohngebiet (m)<\/label><br \/>\n<span class=\"wpcf7-form-control-wrap\" data-name=\"distance-zone\"><input class=\"wpcf7-form-control wpcf7-number wpcf7-validates-as-number\" aria-invalid=\"false\" value=\"\" type=\"number\" name=\"distance-zone\" \/><\/span>\n<\/p>\n<h4>Seismische Aktivit\u00e4t\n<\/h4>\n<p><span class=\"wpcf7-form-control-wrap\" data-name=\"seismic\"><span class=\"wpcf7-form-control wpcf7-radio\"><span class=\"wpcf7-list-item first\"><label><input type=\"radio\" name=\"seismic\" value=\"Ja\" \/><span class=\"wpcf7-list-item-label\">Ja<\/span><\/label><\/span><span class=\"wpcf7-list-item last\"><label><input type=\"radio\" name=\"seismic\" value=\"Nein\" \/><span class=\"wpcf7-list-item-label\">Nein<\/span><\/label><\/span><\/span><\/span>\n<\/p>\n<h4>Nennleistung\n<\/h4>\n<p><span class=\"wpcf7-form-control-wrap\" data-name=\"capacity\"><span class=\"wpcf7-form-control wpcf7-radio\"><span class=\"wpcf7-list-item first\"><label><input type=\"radio\" name=\"capacity\" value=\"1000 kg\/h\" \/><span class=\"wpcf7-list-item-label\">1000 kg\/h<\/span><\/label><\/span><span class=\"wpcf7-list-item\"><label><input type=\"radio\" name=\"capacity\" value=\"1500 kg\/h\" \/><span class=\"wpcf7-list-item-label\">1500 kg\/h<\/span><\/label><\/span><span class=\"wpcf7-list-item\"><label><input type=\"radio\" name=\"capacity\" value=\"2000 kg\/h\" \/><span class=\"wpcf7-list-item-label\">2000 kg\/h<\/span><\/label><\/span><span class=\"wpcf7-list-item\"><label><input type=\"radio\" name=\"capacity\" value=\"2500 kg\/h\" \/><span class=\"wpcf7-list-item-label\">2500 kg\/h<\/span><\/label><\/span><span class=\"wpcf7-list-item last\"><label><input type=\"radio\" name=\"capacity\" value=\"Andere\" \/><span class=\"wpcf7-list-item-label\">Andere<\/span><\/label><\/span><\/span><\/span>\n<\/p>\n<p><label>Falls \u201eAndere\u201c ausgew\u00e4hlt wurde<\/label><br \/>\n<span class=\"wpcf7-form-control-wrap\" data-name=\"capacity-other\"><input size=\"40\" maxlength=\"400\" class=\"wpcf7-form-control wpcf7-text\" aria-invalid=\"false\" value=\"\" type=\"text\" name=\"capacity-other\" \/><\/span>\n<\/p>\n<h4>Quelle des Abgases\n<\/h4>\n<p><span class=\"wpcf7-form-control-wrap\" data-name=\"gas-source\"><span class=\"wpcf7-form-control wpcf7-checkbox\"><span class=\"wpcf7-list-item first\"><label><input type=\"checkbox\" name=\"gas-source[]\" value=\"Dampfkessel\" \/><span class=\"wpcf7-list-item-label\">Dampfkessel<\/span><\/label><\/span><span class=\"wpcf7-list-item\"><label><input type=\"checkbox\" name=\"gas-source[]\" value=\"Generatoren\" \/><span class=\"wpcf7-list-item-label\">Generatoren<\/span><\/label><\/span><span class=\"wpcf7-list-item last\"><label><input type=\"checkbox\" name=\"gas-source[]\" value=\"Andere\" \/><span class=\"wpcf7-list-item-label\">Andere<\/span><\/label><\/span><\/span><\/span>\n<\/p>\n<p><label>Falls \u201eAndere\u201c ausgew\u00e4hlt wurde<\/label><br \/>\n<span class=\"wpcf7-form-control-wrap\" data-name=\"gas-source-other\"><input size=\"40\" maxlength=\"400\" class=\"wpcf7-form-control wpcf7-text\" aria-invalid=\"false\" value=\"\" type=\"text\" name=\"gas-source-other\" \/><\/span>\n<\/p>\n<h4>Erforderliche Ausr\u00fcstung\n<\/h4>\n<p><label>Wasserk\u00fchlsystem<\/label><br \/>\n<span class=\"wpcf7-form-control-wrap\" data-name=\"cooling\"><span class=\"wpcf7-form-control wpcf7-radio\"><span class=\"wpcf7-list-item first\"><label><input type=\"radio\" name=\"cooling\" value=\"Ja\" \/><span class=\"wpcf7-list-item-label\">Ja<\/span><\/label><\/span><span class=\"wpcf7-list-item last\"><label><input type=\"radio\" name=\"cooling\" value=\"Nein\" \/><span class=\"wpcf7-list-item-label\">Nein<\/span><\/label><\/span><\/span><\/span>\n<\/p>\n<p><label>Flaschenf\u00fcllstation<\/label><br \/>\n<span class=\"wpcf7-form-control-wrap\" data-name=\"cylinders\"><span class=\"wpcf7-form-control wpcf7-radio\"><span class=\"wpcf7-list-item first\"><label><input type=\"radio\" name=\"cylinders\" value=\"Ja\" \/><span class=\"wpcf7-list-item-label\">Ja<\/span><\/label><\/span><span class=\"wpcf7-list-item last\"><label><input type=\"radio\" name=\"cylinders\" value=\"Nein\" \/><span class=\"wpcf7-list-item-label\">Nein<\/span><\/label><\/span><\/span><\/span>\n<\/p>\n<p><label>Bef\u00fcllung von Tankfahrzeugen<\/label><br \/>\n<span class=\"wpcf7-form-control-wrap\" data-name=\"tankers\"><span class=\"wpcf7-form-control wpcf7-radio\"><span class=\"wpcf7-list-item first\"><label><input type=\"radio\" name=\"tankers\" value=\"Ja\" \/><span class=\"wpcf7-list-item-label\">Ja<\/span><\/label><\/span><span class=\"wpcf7-list-item last\"><label><input type=\"radio\" name=\"tankers\" value=\"Nein\" \/><span class=\"wpcf7-list-item-label\">Nein<\/span><\/label><\/span><\/span><\/span>\n<\/p>\n<p><label>CO2-Verdampfer<\/label><br \/>\n<span class=\"wpcf7-form-control-wrap\" data-name=\"evaporator\"><span class=\"wpcf7-form-control wpcf7-radio\"><span class=\"wpcf7-list-item first\"><label><input type=\"radio\" name=\"evaporator\" value=\"Ja\" \/><span class=\"wpcf7-list-item-label\">Ja<\/span><\/label><\/span><span class=\"wpcf7-list-item last\"><label><input type=\"radio\" name=\"evaporator\" value=\"Nein\" \/><span class=\"wpcf7-list-item-label\">Nein<\/span><\/label><\/span><\/span><\/span>\n<\/p>\n<p><label>CO2-Lagertanks<\/label><br \/>\n<span class=\"wpcf7-form-control-wrap\" data-name=\"storage\"><span class=\"wpcf7-form-control wpcf7-radio\"><span class=\"wpcf7-list-item first\"><label><input type=\"radio\" name=\"storage\" value=\"Ja\" \/><span class=\"wpcf7-list-item-label\">Ja<\/span><\/label><\/span><span class=\"wpcf7-list-item last\"><label><input type=\"radio\" name=\"storage\" value=\"Nein\" \/><span class=\"wpcf7-list-item-label\">Nein<\/span><\/label><\/span><\/span><\/span>\n<\/p>\n<p><label>Speicherkapazit\u00e4t des Tanks (Tonnen)<\/label><br \/>\n<span class=\"wpcf7-form-control-wrap\" data-name=\"storage-capacity\"><input class=\"wpcf7-form-control wpcf7-number wpcf7-validates-as-number\" aria-invalid=\"false\" value=\"\" type=\"number\" name=\"storage-capacity\" \/><\/span>\n<\/p>\n<h4>Zus\u00e4tzliche W\u00fcnsche\n<\/h4>\n<p><span class=\"wpcf7-form-control-wrap\" data-name=\"additional-notes\"><textarea cols=\"40\" rows=\"10\" maxlength=\"2000\" class=\"wpcf7-form-control wpcf7-textarea\" aria-invalid=\"false\" name=\"additional-notes\"><\/textarea><\/span>\n<\/p>\n<p><input class=\"wpcf7-form-control wpcf7-submit has-spinner\" type=\"submit\" value=\"Senden\" \/>\n<\/p><div class=\"wpcf7-response-output\" aria-hidden=\"true\"><\/div>\n<\/form>\n<\/div>\n\t\t\t\t<\/div>\n\t\t\t\t<\/div>\n\t\t\t\t\t<\/div>\n\t\t\t\t<\/div>\n\t\t\t\t<\/div>\n\t\t","protected":false},"excerpt":{"rendered":"<p>EK Areng O\u00dc Der Komplex f\u00fcr die Entsorgung von Rauchgasen EK Areng O\u00dc, entwickelt technische Aufgabe, Konstruktion, Fertigung, Layout, Lieferung,<\/p>\n","protected":false},"author":1,"featured_media":0,"parent":0,"menu_order":0,"comment_status":"closed","ping_status":"closed","template":"","meta":{"footnotes":""},"class_list":["post-17624","page","type-page","status-publish","hentry"],"_links":{"self":[{"href":"https:\/\/ek-areng.ee\/de\/wp-json\/wp\/v2\/pages\/17624","targetHints":{"allow":["GET"]}}],"collection":[{"href":"https:\/\/ek-areng.ee\/de\/wp-json\/wp\/v2\/pages"}],"about":[{"href":"https:\/\/ek-areng.ee\/de\/wp-json\/wp\/v2\/types\/page"}],"author":[{"embeddable":true,"href":"https:\/\/ek-areng.ee\/de\/wp-json\/wp\/v2\/users\/1"}],"replies":[{"embeddable":true,"href":"https:\/\/ek-areng.ee\/de\/wp-json\/wp\/v2\/comments?post=17624"}],"version-history":[{"count":15,"href":"https:\/\/ek-areng.ee\/de\/wp-json\/wp\/v2\/pages\/17624\/revisions"}],"predecessor-version":[{"id":17938,"href":"https:\/\/ek-areng.ee\/de\/wp-json\/wp\/v2\/pages\/17624\/revisions\/17938"}],"wp:attachment":[{"href":"https:\/\/ek-areng.ee\/de\/wp-json\/wp\/v2\/media?parent=17624"}],"curies":[{"name":"wp","href":"https:\/\/api.w.org\/{rel}","templated":true}]}}