{"id":17628,"date":"2026-02-10T21:19:36","date_gmt":"2026-02-10T18:19:36","guid":{"rendered":"https:\/\/ek-areng.ee\/%d0%be%d0%bf%d0%b8%d1%81%d0%b0%d0%bd%d0%b8%d0%b5-%d1%82%d0%b5%d1%85%d0%bd%d0%be%d0%bb%d0%be%d0%b3%d0%b8%d1%87%d0%b5%d1%81%d0%ba%d0%be%d0%b3%d0%be-%d0%bf%d1%80%d0%be%d1%86%d0%b5%d1%81%d1%81%d0%b0\/"},"modified":"2026-03-05T23:22:13","modified_gmt":"2026-03-05T20:22:13","slug":"beschreibung-des-verfahrens-zur-extraktion-von-co-2-abgasen-abgase","status":"publish","type":"page","link":"https:\/\/ek-areng.ee\/de\/beschreibung-des-verfahrens-zur-extraktion-von-co-2-abgasen-abgase\/","title":{"rendered":"Beschreibung des Verfahrens zur Extraktion von CO 2 Abgasen (Abgase)"},"content":{"rendered":"\t\t<div data-elementor-type=\"wp-page\" data-elementor-id=\"17628\" class=\"elementor elementor-17628 elementor-15937\">\n\t\t\t\t<div class=\"elementor-element elementor-element-bda5952 e-flex e-con-boxed wd-section-disabled e-con e-parent\" data-id=\"bda5952\" data-element_type=\"container\" data-e-type=\"container\">\n\t\t\t\t\t<div class=\"e-con-inner\">\n\t\t<div class=\"elementor-element elementor-element-e511855 e-con-full e-flex wd-section-disabled e-con e-child\" data-id=\"e511855\" data-element_type=\"container\" data-e-type=\"container\">\n\t\t\t\t<div class=\"elementor-element elementor-element-72f8b63 elementor-widget elementor-widget-wd_title\" data-id=\"72f8b63\" data-element_type=\"widget\" data-e-type=\"widget\" data-widget_type=\"wd_title.default\">\n\t\t\t\t<div class=\"elementor-widget-container\">\n\t\t\t\t\t\t\t<div class=\"title-wrapper set-mb-s reset-last-child wd-title-color-default wd-title-style-default wd-title-size-default text-center\">\n\n\t\t\t\t\t\t\t<div class=\"title-subtitle subtitle-color-default subtitle-style-default wd-fontsize-xs\">\n\t\t\t\t\tEK-ARENG O\u0170\t\t\t\t<\/div>\n\t\t\t\n\t\t\t<div class=\"liner-continer\">\n\t\t\t\t<h4 class=\"woodmart-title-container title wd-fontsize-l\">Beschreibung des Verfahrens zur Extraktion von CO 2 aus<br \/>\nrauchgase (Abgase)<\/h4> \n\t\t\t\t\t\t\t<\/div>\n\n\t\t\t\t\t<\/div>\n\t\t\t\t\t\t<\/div>\n\t\t\t\t<\/div>\n\t\t\t\t<div class=\"elementor-element elementor-element-8bd8e19 elementor-widget elementor-widget-wd_text_block\" data-id=\"8bd8e19\" data-element_type=\"widget\" data-e-type=\"widget\" data-widget_type=\"wd_text_block.default\">\n\t\t\t\t<div class=\"elementor-widget-container\">\n\t\t\t\t\t\t\t<div class=\"wd-text-block reset-last-child text-left\">\n\t\t\t\n\t\t\t<h3 class=\"western\">\u00a0<\/h3><p>Die Extraktionsstation EURI-2000 ist f\u00fcr den rund um die Uhr vollautomatischen Betrieb ausgelegt, die Absorptionstechnologie basiert auf der IEA-Technologie \u2013 mit einer 35% igen L\u00f6sung von Monoethanolamin (IEA).<\/p><p>Das Abgas wird in den Katalysator (De-Nox-Block) geleitet, wo NOx-Stickoxide aus dem Rauchgas entfernt werden. Nach dem Katalysator werden hei\u00dfe Abgase dem IEA-Reboiler zugef\u00fchrt, um die f\u00fcr die CO2-Freisetzung erforderliche Erw\u00e4rmung vorzunehmen. Das Gas wird dann zu einem Rauchgasw\u00e4scher geleitet, wo es abgek\u00fchlt wird.<\/p><p>Der Abgasw\u00e4scher wird sowohl zum K\u00fchlen als auch zum Waschen von verschiedenen wasserl\u00f6slichen Verunreinigungen verwendet.<\/p><p>Am Eingang des Abgasw\u00e4schers ist eine Rauchpumpe installiert, die den Druck im System aufrechterh\u00e4lt.<\/p><p>In der Absorptionskolonne wird eine chemische Reaktion der IEA-L\u00f6sung mit CO2 in etwa 80-90% des aus dem Abgas entstehenden Kohlendioxids absorbiert. Die verbleibenden Gase, haupts\u00e4chlich N2 und O2, werden durch den oberen Teil des Absorbers abgelassen. Um den Verlust von IEA und Wasser in die Atmosph\u00e4re zu vermeiden, werden die Gasreste im Waschabschnitt der IEA abgek\u00fchlt, die zur\u00fcck in den Absorber zur\u00fcckgef\u00fchrt werden.<\/p><p>Das behandelte Gas wird in den unteren Teil der Absorptionss\u00e4ule eingespeist. Wo er sich bewegt, reagiert er durch eine hohle F\u00fcllung mit einer 32% IEA-L\u00f6sung (Monoethanolamin), die sich im Gegenstrom zu ihm bewegt.<\/p><p>Eine ges\u00e4ttigte IEA-L\u00f6sung (mit CO2-Gas ges\u00e4ttigt) wird vom unteren Teil des Absorbers in den oberen Teil der Strippers\u00e4ule (Desorber) eingespeist. Vor dem Zuf\u00fchren in den Desorber wird die L\u00f6sung durch einen Zwischenw\u00e4rmetauscher der ges\u00e4ttigten \/ abgereicherten L\u00f6sung geleitet. Im unteren Teil der Stripperkolonne setzt eine ges\u00e4ttigte IEA-L\u00f6sung, die durch die Abgase im Reboiler erw\u00e4rmt wird, chemisches verbundenes CO2 frei. Danach wird die ges\u00e4ttigte IEA-L\u00f6sung ersch\u00f6pft.<\/p><p>Die abgereicherte IEA-L\u00f6sung wird durch einen W\u00e4rmetauscher der angereicherten \/ abgereicherten L\u00f6sung in die Absorptionskolonne zur\u00fcckgef\u00fchrt. Die abgereicherte IEA-L\u00f6sung wird in zwei Schritten abgek\u00fchlt, indem zuerst der K\u00fchler einer angereicherten \/ abgereicherten IEA-L\u00f6sung durchl\u00e4uft und dann vor der R\u00fcckkehr zum oberen Teil des Absorbers mit K\u00fchlwasser im K\u00fchler abgek\u00fchlt wird.<\/p><p>Auch im Regenerator nimmt die IEA-L\u00f6sung Verunreinigungen wie hitzebest\u00e4ndige Salze auf. Der Regenerationsprozess wird kontinuierlich und vollst\u00e4ndig automatisiert durchgef\u00fchrt. Thermostabile Salze werden durch Nachw\u00e4rmen der IEA-L\u00f6sung entfernt. Ein Teil der zur\u00fcckgegebenen Magerfl\u00fcssigkeit der IEA wird zur Reinigung durch ein Kohlenkissen geleitet.<\/p><p>Das CO2-Gas wird von der Oberseite der Strippers\u00e4ule aus durch einen W\u00e4scher zur Entfernung von IEA-Spuren in die Verfl\u00fcssigungseinheit geleitet, wo das CO2-Gas in einem \u00f6lfreien zweistufigen Kompressor komprimiert wird<\/p><p>Das komprimierte Gas wird in einem zweistufigen K\u00fchler gek\u00fchlt, bevor es zur Dehydrierung gebracht wird. Der Dehydrator wird automatisch durch Einblasen von CO2-Gas aus dem Kondensator regeneriert, das durch das interne Heizsystem erw\u00e4rmt wird. Seine K\u00fchlung erfolgt durch eine geringe Menge an reinem Gas aus dem CO2-Kondensator. Au\u00dferdem entfernt der Dehydrator beim Trocknen des Gases m\u00f6gliche Spuren von Oxiden wie Aldehyden.<\/p><p>Hinter dem Dehydrator befindet sich ein Kohlefilter, in dem die restlichen verschiedenen Riechstoffe aus dem Gas entfernt werden. Um eine hohe CO2-Reinheit zu erhalten, ist die Anlage mit einem Rektifizierungssystem ausgestattet, um nicht kondensierende Gase zu entfernen.<\/p><p>Das Kohlendioxid aus dem Aktivkohlefilter wird durch den \u00dcberhitzer zur Rektifikationseinheit geleitet, wo es abgek\u00fchlt wird, bevor es dem CO2-Kondensator zugef\u00fchrt wird. Das CO2-Kondensat des Kondensators flie\u00dft unter seinem eigenen Gewicht in den unteren Teil der Destillationss\u00e4ule, wo im Gegenstrom mit dem Strippergas aus dem Reboiler durch die S\u00e4ulenf\u00fcllung zur Destillationss\u00e4ule zugef\u00fchrt wird.<\/p><p>Der Sp\u00fclgasverbrauch h\u00e4ngt vom CO2-Druck ab. Das Sp\u00fclgas wird in einem pneumatischen Steuersystem anstelle von Druckluft verwendet.<\/p><p>Die K\u00fchleinheit enth\u00e4lt einen K\u00e4ltekompressor, einen CO2-Kondensator, einen K\u00e4ltemittelkondensator und einen Empf\u00e4nger. Die K\u00fchlger\u00e4te werden mit dem CO2-Druck auf der Gasseite des Kohlendioxidkondensators \u00fcberwacht.<\/p><p>Verfl\u00fcssigtes CO2 wird bei einem Druck von etwa 15 bis 18 bar und einer entsprechenden Temperatur von -27\u00b0 \/ -23\u00b0C in einem Speicherbeh\u00e4lter gelagert.<\/p>\n\t\t\t\t\t<\/div>\n\t\t\t\t\t\t<\/div>\n\t\t\t\t<\/div>\n\t\t\t\t<\/div>\n\t\t\t\t\t<\/div>\n\t\t\t\t<\/div>\n\t\t\t\t<\/div>\n\t\t","protected":false},"excerpt":{"rendered":"<p>EK-ARENG O\u0170 Beschreibung des Verfahrens zur Extraktion von CO 2 aus rauchgase (Abgase) \u00a0 Die Extraktionsstation EURI-2000 ist f\u00fcr den<\/p>\n","protected":false},"author":1,"featured_media":0,"parent":0,"menu_order":0,"comment_status":"closed","ping_status":"closed","template":"","meta":{"footnotes":""},"class_list":["post-17628","page","type-page","status-publish","hentry"],"_links":{"self":[{"href":"https:\/\/ek-areng.ee\/de\/wp-json\/wp\/v2\/pages\/17628","targetHints":{"allow":["GET"]}}],"collection":[{"href":"https:\/\/ek-areng.ee\/de\/wp-json\/wp\/v2\/pages"}],"about":[{"href":"https:\/\/ek-areng.ee\/de\/wp-json\/wp\/v2\/types\/page"}],"author":[{"embeddable":true,"href":"https:\/\/ek-areng.ee\/de\/wp-json\/wp\/v2\/users\/1"}],"replies":[{"embeddable":true,"href":"https:\/\/ek-areng.ee\/de\/wp-json\/wp\/v2\/comments?post=17628"}],"version-history":[{"count":5,"href":"https:\/\/ek-areng.ee\/de\/wp-json\/wp\/v2\/pages\/17628\/revisions"}],"predecessor-version":[{"id":17974,"href":"https:\/\/ek-areng.ee\/de\/wp-json\/wp\/v2\/pages\/17628\/revisions\/17974"}],"wp:attachment":[{"href":"https:\/\/ek-areng.ee\/de\/wp-json\/wp\/v2\/media?parent=17628"}],"curies":[{"name":"wp","href":"https:\/\/api.w.org\/{rel}","templated":true}]}}