{"id":17548,"date":"2026-02-10T21:04:14","date_gmt":"2026-02-10T18:04:14","guid":{"rendered":"https:\/\/ek-areng.ee\/%d0%b2%d0%b0%d0%ba%d1%83%d1%83%d0%bc%d0%bd%d1%8b%d0%b5-%d1%82%d0%b5%d1%80%d0%bc%d0%be%d0%bb%d0%b8%d0%b7%d0%bd%d1%8b%d0%b5-%d0%bf%d0%b5%d1%87%d0%b8-%d0%b2%d1%82%d0%bf\/"},"modified":"2026-03-05T23:19:28","modified_gmt":"2026-03-05T20:19:28","slug":"vaakum-termoluus-ahjud-vtp","status":"publish","type":"page","link":"https:\/\/ek-areng.ee\/et\/vaakum-termoluus-ahjud-vtp\/","title":{"rendered":"Vaakum termol\u00fc\u00fcsi Ahjud-VTP"},"content":{"rendered":"\t\t<div data-elementor-type=\"wp-page\" data-elementor-id=\"17548\" class=\"elementor elementor-17548 elementor-15926\">\n\t\t\t\t<div class=\"elementor-element elementor-element-e9b4183 e-flex e-con-boxed wd-section-disabled e-con e-parent\" data-id=\"e9b4183\" data-element_type=\"container\" data-e-type=\"container\">\n\t\t\t\t\t<div class=\"e-con-inner\">\n\t\t\t\t<div class=\"elementor-element elementor-element-eaa264f elementor-widget-divider--view-line elementor-widget elementor-widget-divider\" data-id=\"eaa264f\" data-element_type=\"widget\" data-e-type=\"widget\" data-widget_type=\"divider.default\">\n\t\t\t\t\t\t\t<div class=\"elementor-divider\">\n\t\t\t<span class=\"elementor-divider-separator\">\n\t\t\t\t\t\t<\/span>\n\t\t<\/div>\n\t\t\t\t\t\t<\/div>\n\t\t\t\t\t<\/div>\n\t\t\t\t<\/div>\n\t\t<div class=\"elementor-element elementor-element-0044ca0 e-flex e-con-boxed wd-section-disabled e-con e-parent\" data-id=\"0044ca0\" data-element_type=\"container\" data-e-type=\"container\">\n\t\t\t\t\t<div class=\"e-con-inner\">\n\t\t\t\t<div class=\"elementor-element elementor-element-42ff0a4 elementor-widget elementor-widget-wd_title\" data-id=\"42ff0a4\" data-element_type=\"widget\" data-e-type=\"widget\" data-widget_type=\"wd_title.default\">\n\t\t\t\t<div class=\"elementor-widget-container\">\n\t\t\t\t\t\t\t<div class=\"title-wrapper set-mb-s reset-last-child wd-title-color-default wd-title-style-default wd-title-size-default text-center\">\n\n\t\t\t\n\t\t\t<div class=\"liner-continer\">\n\t\t\t\t<h4 class=\"woodmart-title-container title wd-fontsize-l\">Vaakum termol\u00fc\u00fcsi Ahjud-VTA<\/h4> \n\t\t\t\t\t\t\t<\/div>\n\n\t\t\t\t\t<\/div>\n\t\t\t\t\t\t<\/div>\n\t\t\t\t<\/div>\n\t\t\t\t\t<\/div>\n\t\t\t\t<\/div>\n\t\t<div class=\"elementor-element elementor-element-53bdbf6 e-flex e-con-boxed wd-section-disabled e-con e-parent\" data-id=\"53bdbf6\" data-element_type=\"container\" data-e-type=\"container\">\n\t\t\t\t\t<div class=\"e-con-inner\">\n\t\t\t\t<div class=\"elementor-element elementor-element-eecbdd2 elementor-widget elementor-widget-wd_image_or_svg\" data-id=\"eecbdd2\" data-element_type=\"widget\" data-e-type=\"widget\" data-widget_type=\"wd_image_or_svg.default\">\n\t\t\t\t<div class=\"elementor-widget-container\">\n\t\t\t\t\t\n\t\t<div class=\"wd-image text-center\">\n\t\t\t\t\t\t\t\t<img fetchpriority=\"high\" decoding=\"async\" width=\"640\" height=\"589\" src=\"https:\/\/ek-areng.ee\/wp-content\/uploads\/2026\/02\/GES-E\u0422-2500\u0422.png\" class=\"attachment-full size-full\" alt=\"\" srcset=\"https:\/\/ek-areng.ee\/wp-content\/uploads\/2026\/02\/GES-E\u0422-2500\u0422.png 640w, https:\/\/ek-areng.ee\/wp-content\/uploads\/2026\/02\/GES-E\u0422-2500\u0422-326x300.png 326w, https:\/\/ek-areng.ee\/wp-content\/uploads\/2026\/02\/GES-E\u0422-2500\u0422-430x396.png 430w, https:\/\/ek-areng.ee\/wp-content\/uploads\/2026\/02\/GES-E\u0422-2500\u0422-150x138.png 150w\" sizes=\"(max-width: 640px) 100vw, 640px\" \/>\t\t\t\t\t<\/div>\n\n\t\t\t\t\t\t<\/div>\n\t\t\t\t<\/div>\n\t\t\t\t\t<\/div>\n\t\t\t\t<\/div>\n\t\t<div class=\"elementor-element elementor-element-eb8cb4c e-flex e-con-boxed wd-section-disabled e-con e-parent\" data-id=\"eb8cb4c\" data-element_type=\"container\" data-e-type=\"container\">\n\t\t\t\t\t<div class=\"e-con-inner\">\n\t\t\t\t<div class=\"elementor-element elementor-element-d0f03fa elementor-widget elementor-widget-wd_text_block\" data-id=\"d0f03fa\" data-element_type=\"widget\" data-e-type=\"widget\" data-widget_type=\"wd_text_block.default\">\n\t\t\t\t<div class=\"elementor-widget-container\">\n\t\t\t\t\t\t\t<div class=\"wd-text-block reset-last-child text-left\">\n\t\t\t\n\t\t\t<p>Vaakumtermol\u00fc\u00fcs on termiliselt depol\u00fcmerisatsiooniprotsess,<br \/>lahtik\u00e4iv s\u00fcsinikmaterjalid ilma hapniku juurdep\u00e4\u00e4suta. P\u00f5him\u00f5te<br \/>see meetod on erinevat t\u00fc\u00fcpi j\u00e4\u00e4tmete termiline muundamine<br \/>tooraine, energia ja soojus. Konkreetne j\u00e4\u00e4tmeliik k\u00f5igepealt<br \/>valmistatakse ette ja seej\u00e4rel t\u00f6\u00f6deldakse termiliselt t\u00f5husaks<br \/>tooraine (\u00f5li, s\u00fcsinik, gaas), mida saab edasi kasutada<br \/>t\u00f6\u00f6stus.<\/p><p><br \/>Vaakumtermol\u00fc\u00fcs on t\u00f5hus ja keskkonnaalane lahendus valdkonnas<br \/>materjali ringlussev\u00f5tt ja seda v\u00f5ib pidada tuleviku keerukaks s\u00fcsteemiks,<br \/>mis v\u00f5imaldab kasutada tooraine v\u00f5i energia kujul kuni 100% j\u00e4\u00e4tmeid.<\/p>\n\t\t\t\t\t<\/div>\n\t\t\t\t\t\t<\/div>\n\t\t\t\t<\/div>\n\t\t\t\t<div class=\"elementor-element elementor-element-7c748ef elementor-widget elementor-widget-wd_title\" data-id=\"7c748ef\" data-element_type=\"widget\" data-e-type=\"widget\" data-widget_type=\"wd_title.default\">\n\t\t\t\t<div class=\"elementor-widget-container\">\n\t\t\t\t\t\t\t<div class=\"title-wrapper set-mb-s reset-last-child wd-title-color-default wd-title-style-default wd-title-size-default text-left\">\n\n\t\t\t\n\t\t\t<div class=\"liner-continer\">\n\t\t\t\t<h4 class=\"woodmart-title-container title wd-fontsize-l\">J\u00e4\u00e4tmete ringlussev\u00f5tu eelised vaakumi abil<br \/>\ntermol\u00fc\u00fcs:<\/h4> \n\t\t\t\t\t\t\t<\/div>\n\n\t\t\t\t\t<\/div>\n\t\t\t\t\t\t<\/div>\n\t\t\t\t<\/div>\n\t\t\t\t\t<\/div>\n\t\t\t\t<\/div>\n\t\t<div class=\"elementor-element elementor-element-d81715c e-flex e-con-boxed wd-section-disabled e-con e-parent\" data-id=\"d81715c\" data-element_type=\"container\" data-e-type=\"container\">\n\t\t\t\t\t<div class=\"e-con-inner\">\n\t\t\t\t<div class=\"elementor-element elementor-element-0641fa9 elementor-widget elementor-widget-wd_text_block\" data-id=\"0641fa9\" data-element_type=\"widget\" data-e-type=\"widget\" data-widget_type=\"wd_text_block.default\">\n\t\t\t\t<div class=\"elementor-widget-container\">\n\t\t\t\t\t\t\t<div class=\"wd-text-block reset-last-child text-left\">\n\t\t\t\n\t\t\t<ul><li style=\"text-align: left;\">T\u00f5hus lahendus j\u00e4\u00e4tmeprobleemidele;<\/li><li style=\"text-align: left;\">J\u00e4\u00e4tmete t\u00f6\u00f6tlemise ja ladustamise kulude v\u00e4hendamine;<\/li><li style=\"text-align: left;\">Stabiilne ja pikaajaline kasum toorainete m\u00fc\u00fcgist<br \/>ja \/ v\u00f5i energia;<\/li><li style=\"text-align: left;\">Madalad tegevuskulud: osa saadud energiast rakendatakse<br \/>seadmete t\u00f6\u00f6ks;<\/li><li style=\"text-align: left;\">Keskkonnakoormuse v\u00e4hendamine, mis tuleneb<br \/>j\u00e4\u00e4tmete ladustamine;<\/li><li style=\"text-align: left;\">Kahjulike heitkoguste minimeerimine nende uuenduslike meetodite abil<br \/>puhastus - ja t\u00f6\u00f6tlemistehnoloogia suletud ahela p\u00f5him\u00f5ttel, ilma<br \/>lenduvad emissioonid;<\/li><li style=\"text-align: left;\">Pidev j\u00e4\u00e4tmete t\u00f6\u00f6tlemise protsess v\u00f5imaldab saada<br \/>standardkvaliteediga l\u00f5pptooted ja minimeerige j\u00e4\u00e4tmeid<br \/>p\u00e4rast t\u00f6\u00f6tlemist.<\/li><\/ul>\n\t\t\t\t\t<\/div>\n\t\t\t\t\t\t<\/div>\n\t\t\t\t<\/div>\n\t\t\t\t<div class=\"elementor-element elementor-element-84ce51b elementor-widget elementor-widget-wd_title\" data-id=\"84ce51b\" data-element_type=\"widget\" data-e-type=\"widget\" data-widget_type=\"wd_title.default\">\n\t\t\t\t<div class=\"elementor-widget-container\">\n\t\t\t\t\t\t\t<div class=\"title-wrapper set-mb-s reset-last-child wd-title-color-default wd-title-style-default wd-title-size-default text-left\">\n\n\t\t\t\n\t\t\t<div class=\"liner-continer\">\n\t\t\t\t<h4 class=\"woodmart-title-container title wd-fontsize-l\">J\u00e4\u00e4tmete liigid, mida t\u00f6\u00f6deldakse vaakumi abil<br \/>\ntermol\u00fc\u00fcs:<\/h4> \n\t\t\t\t\t\t\t<\/div>\n\n\t\t\t\t\t<\/div>\n\t\t\t\t\t\t<\/div>\n\t\t\t\t<\/div>\n\t\t\t\t\t<\/div>\n\t\t\t\t<\/div>\n\t\t<div class=\"elementor-element elementor-element-982e9c4 e-flex e-con-boxed wd-section-disabled e-con e-parent\" data-id=\"982e9c4\" data-element_type=\"container\" data-e-type=\"container\">\n\t\t\t\t\t<div class=\"e-con-inner\">\n\t\t\t\t<div class=\"elementor-element elementor-element-e51577e elementor-widget elementor-widget-wd_text_block\" data-id=\"e51577e\" data-element_type=\"widget\" data-e-type=\"widget\" data-widget_type=\"wd_text_block.default\">\n\t\t\t\t<div class=\"elementor-widget-container\">\n\t\t\t\t\t\t\t<div class=\"wd-text-block reset-last-child text-left\">\n\t\t\t\n\t\t\t<ul><li>J\u00e4\u00e4tmed, mis tekivad p\u00e4rast naftakeemiatoodete t\u00f6\u00f6tlemist;<\/li><li>Pinnase t\u00f6\u00f6tlemine, mis tekib p\u00e4rast p\u00f5levkivi tootmist<br \/>\u00f5li;<\/li><li>Rehvide ja kummi t\u00f6\u00f6tlemine (t\u00f6\u00f6stuslikust tootmisest,<br \/>majapidamine, kokkupandavad punktid, autode pr\u00fcgilad, rehvid, ja<br \/>jne)<\/li><li>Plasti t\u00f6\u00f6tlemine (t\u00f6\u00f6stuslikust tootmisest, kodust<br \/>majapidamised, kokkupandavad punktid jne)<\/li><\/ul>\n\t\t\t\t\t<\/div>\n\t\t\t\t\t\t<\/div>\n\t\t\t\t<\/div>\n\t\t\t\t\t<\/div>\n\t\t\t\t<\/div>\n\t\t<div class=\"elementor-element elementor-element-9fcc7de e-flex e-con-boxed wd-section-disabled e-con e-parent\" data-id=\"9fcc7de\" data-element_type=\"container\" data-e-type=\"container\">\n\t\t\t\t\t<div class=\"e-con-inner\">\n\t\t\t\t<div class=\"elementor-element elementor-element-967c5a9 elementor-widget elementor-widget-wd_text_block\" data-id=\"967c5a9\" data-element_type=\"widget\" data-e-type=\"widget\" data-widget_type=\"wd_text_block.default\">\n\t\t\t\t<div class=\"elementor-widget-container\">\n\t\t\t\t\t\t\t<div class=\"wd-text-block reset-last-child text-left\">\n\t\t\t\n\t\t\t<p>EK-ARENG O\u0170 pakub VTP tootlikkus;<br \/>GES ET250 tootlikkus 250 kg \/ h,<a href=\"https:\/\/ek-areng.ee\/et\/%d0%b5%d0%ba-e%d1%82-250%d1%82-%d1%82%d0%b5%d1%85%d0%bd%d0%b8%d1%87%d0%b5%d1%81%d0%ba%d0%b8%d0%b5-%d1%85%d0%b0%d1%80%d0%b0%d0%ba%d1%82%d0%b5%d1%80%d0%b8%d1%81%d1%82%d0%b8%d0%ba%d0%b8\/\"><span style=\"text-decoration: underline;\"><span style=\"color: #339966; text-decoration: underline;\"><strong> tehnilised andmed;<\/strong><\/span><\/span><\/a><br \/>GES ET500 tootlikkus 500 Kg \/ h, <a href=\"https:\/\/ek-areng.ee\/et\/ek-et-500%d1%82-%d1%82%d0%b5%d1%85%d0%bd%d0%b8%d1%87%d0%b5%d1%81%d0%ba%d0%b8%d0%b5-%d1%85%d0%b0%d1%80%d0%b0%d0%ba%d1%82%d0%b5%d1%80%d0%b8%d1%81%d1%82%d0%b8%d0%ba%d0%b8\/\"><span style=\"text-decoration: underline;\"><strong><span style=\"color: #339966; text-decoration: underline;\">tehnilised andmed;<\/span><\/strong><\/span><\/a><br \/>GES ET2500 tootlikkus 2500 kg \/ h, <a href=\"https:\/\/ek-areng.ee\/et\/ges-e%d1%82-2500%d1%82-%d1%82%d0%b5%d1%85%d0%bd%d0%b8%d1%87%d0%b5%d1%81%d0%ba%d0%b8%d0%b5-%d1%85%d0%b0%d1%80%d0%b0%d0%ba%d1%82%d0%b5%d1%80%d0%b8%d1%81%d1%82%d0%b8%d0%ba%d0%b8\/\"><span style=\"text-decoration: underline;\"><strong><span style=\"color: #339966; text-decoration: underline;\">tehnilised andmed;<\/span><\/strong><\/span><\/a><br \/>GES ET2 * 2500 tootlikkus 2500 kg\/h, <a href=\"https:\/\/ek-areng.ee\/et\/ges-e%d1%82-2500%d1%82-%d1%82%d0%b5%d1%85%d0%bd%d0%b8%d1%87%d0%b5%d1%81%d0%ba%d0%b8%d0%b5-%d1%85%d0%b0%d1%80%d0%b0%d0%ba%d1%82%d0%b5%d1%80%d0%b8%d1%81%d1%82%d0%b8%d0%ba%d0%b8\/\"><span style=\"text-decoration: underline;\"><strong><span style=\"color: #339966; text-decoration: underline;\">tehnilised andmed.<\/span><\/strong><\/span><\/a><\/p><p>EK-ARENG O\u0170 teostab projekteerimislahenduse v\u00e4ljat\u00f6\u00f6tamist, tootmist ja<br \/>VTP paigaldamine muu tootlikkusega, mis on m\u00f5eldud<br \/>j\u00e4\u00e4tmete muundamine tooraineks ja energiaks.<\/p>\n\t\t\t\t\t<\/div>\n\t\t\t\t\t\t<\/div>\n\t\t\t\t<\/div>\n\t\t\t\t\t<\/div>\n\t\t\t\t<\/div>\n\t\t<div class=\"elementor-element elementor-element-6be2426 e-flex e-con-boxed wd-section-disabled e-con e-parent\" data-id=\"6be2426\" data-element_type=\"container\" data-e-type=\"container\">\n\t\t\t\t\t<div class=\"e-con-inner\">\n\t\t\t\t<div class=\"elementor-element elementor-element-3ffb533 elementor-widget elementor-widget-wd_title\" data-id=\"3ffb533\" data-element_type=\"widget\" data-e-type=\"widget\" data-widget_type=\"wd_title.default\">\n\t\t\t\t<div class=\"elementor-widget-container\">\n\t\t\t\t\t\t\t<div class=\"title-wrapper set-mb-s reset-last-child wd-title-color-default wd-title-style-default wd-title-size-default text-left\">\n\n\t\t\t\n\t\t\t<div class=\"liner-continer\">\n\t\t\t\t<h4 class=\"woodmart-title-container title wd-fontsize-l\">N\u00e4dalavahetuse termol\u00fc\u00fcsi tooted-kohaldatavad<br \/>\nt\u00f6\u00f6stuse toorained ja energia:<\/h4> \n\t\t\t\t\t\t\t<\/div>\n\n\t\t\t\t\t<\/div>\n\t\t\t\t\t\t<\/div>\n\t\t\t\t<\/div>\n\t\t\t\t<div class=\"elementor-element elementor-element-080e416 elementor-widget elementor-widget-wd_text_block\" data-id=\"080e416\" data-element_type=\"widget\" data-e-type=\"widget\" data-widget_type=\"wd_text_block.default\">\n\t\t\t\t<div class=\"elementor-widget-container\">\n\t\t\t\t\t\t\t<div class=\"wd-text-block reset-last-child text-left\">\n\t\t\t\n\t\t\t<ul><li>Gaas (kasutatakse p\u00fcrol\u00fc\u00fcsi protsessi tagamiseks v\u00f5i<br \/>energia tootmine)<\/li><li>Vedel p\u00fcrol\u00fc\u00fcsi\u00f5li (s\u00fcnteetiline k\u00fctte\u00f5li k\u00fctuseks v\u00f5i<br \/>keemiat\u00f6\u00f6stuse tooraine)<\/li><li>S\u00fcsinik<\/li><li>Elekter<\/li><li>Soojus<\/li><\/ul>\n\t\t\t\t\t<\/div>\n\t\t\t\t\t\t<\/div>\n\t\t\t\t<\/div>\n\t\t\t\t\t<\/div>\n\t\t\t\t<\/div>\n\t\t<div class=\"elementor-element elementor-element-f051425 e-flex e-con-boxed wd-section-disabled e-con e-parent\" data-id=\"f051425\" data-element_type=\"container\" data-e-type=\"container\">\n\t\t\t\t\t<div class=\"e-con-inner\">\n\t\t\t\t<div class=\"elementor-element elementor-element-63e10b4 elementor-widget elementor-widget-wd_title\" data-id=\"63e10b4\" data-element_type=\"widget\" data-e-type=\"widget\" data-widget_type=\"wd_title.default\">\n\t\t\t\t<div class=\"elementor-widget-container\">\n\t\t\t\t\t\t\t<div class=\"title-wrapper set-mb-s reset-last-child wd-title-color-default wd-title-style-default wd-title-size-default text-left\">\n\n\t\t\t\n\t\t\t<div class=\"liner-continer\">\n\t\t\t\t<h4 class=\"woodmart-title-container title wd-fontsize-l\">Meie teenused:<\/h4> \n\t\t\t\t\t\t\t<\/div>\n\n\t\t\t\t\t<\/div>\n\t\t\t\t\t\t<\/div>\n\t\t\t\t<\/div>\n\t\t\t\t<div class=\"elementor-element elementor-element-7564a11 elementor-widget elementor-widget-wd_text_block\" data-id=\"7564a11\" data-element_type=\"widget\" data-e-type=\"widget\" data-widget_type=\"wd_text_block.default\">\n\t\t\t\t<div class=\"elementor-widget-container\">\n\t\t\t\t\t\t\t<div class=\"wd-text-block reset-last-child text-left\">\n\t\t\t\n\t\t\t<ul><li><p>Engineering, projekteerimine line termol\u00fc\u00fcs ja tehniline<br \/>dokumentatsioon: p\u00f5hiprojekt ja \u00fcksikasjalik projekt;<\/p><\/li><li><p>VTP valmistamine;<\/p><\/li><li><p>Tarnimine: tarnimise tagamine Tehnoloogilised seadmed ja komponendid, plokid ja varuosad;<\/p><\/li><li><p>Transport, paigaldamine ja kasutuselev\u00f5tt, sealhulgas garantiitestid<\/p><\/li><li><p>Tehniline abi seadmete kasutamisel.<\/p><\/li><li><p>Garantii-ja garantiij\u00e4rgne teenindus.<\/p><p>Termol\u00fc\u00fcsi seadmed on projekteeritud ja pakutud nii, et<br \/>k\u00f5ik Euroopa emissiooni normid ja m\u00e4\u00e4rused on t\u00e4idetud<br \/>kahjulikud ained,<\/p><\/li><\/ul>\n\t\t\t\t\t<\/div>\n\t\t\t\t\t\t<\/div>\n\t\t\t\t<\/div>\n\t\t\t\t\t<\/div>\n\t\t\t\t<\/div>\n\t\t\t\t<\/div>\n\t\t","protected":false},"excerpt":{"rendered":"<p>Vaakum termol\u00fc\u00fcsi Ahjud-VTA Vaakumtermol\u00fc\u00fcs on termiliselt depol\u00fcmerisatsiooniprotsess,lahtik\u00e4iv s\u00fcsinikmaterjalid ilma hapniku juurdep\u00e4\u00e4suta. P\u00f5him\u00f5tesee meetod on erinevat t\u00fc\u00fcpi j\u00e4\u00e4tmete termiline muundaminetooraine, energia<\/p>\n","protected":false},"author":1,"featured_media":0,"parent":0,"menu_order":0,"comment_status":"closed","ping_status":"closed","template":"","meta":{"footnotes":""},"class_list":["post-17548","page","type-page","status-publish","hentry"],"_links":{"self":[{"href":"https:\/\/ek-areng.ee\/et\/wp-json\/wp\/v2\/pages\/17548","targetHints":{"allow":["GET"]}}],"collection":[{"href":"https:\/\/ek-areng.ee\/et\/wp-json\/wp\/v2\/pages"}],"about":[{"href":"https:\/\/ek-areng.ee\/et\/wp-json\/wp\/v2\/types\/page"}],"author":[{"embeddable":true,"href":"https:\/\/ek-areng.ee\/et\/wp-json\/wp\/v2\/users\/1"}],"replies":[{"embeddable":true,"href":"https:\/\/ek-areng.ee\/et\/wp-json\/wp\/v2\/comments?post=17548"}],"version-history":[{"count":9,"href":"https:\/\/ek-areng.ee\/et\/wp-json\/wp\/v2\/pages\/17548\/revisions"}],"predecessor-version":[{"id":17957,"href":"https:\/\/ek-areng.ee\/et\/wp-json\/wp\/v2\/pages\/17548\/revisions\/17957"}],"wp:attachment":[{"href":"https:\/\/ek-areng.ee\/et\/wp-json\/wp\/v2\/media?parent=17548"}],"curies":[{"name":"wp","href":"https:\/\/api.w.org\/{rel}","templated":true}]}}