{"id":17556,"date":"2026-02-01T19:19:43","date_gmt":"2026-02-01T16:19:43","guid":{"rendered":"https:\/\/ek-areng.ee\/%d0%ba%d0%be%d0%bc%d0%bf%d0%bb%d0%b5%d0%ba%d1%81-%d0%bf%d0%be-%d1%83%d1%82%d0%b8%d0%bb%d0%b8%d0%b7%d0%b0%d1%86%d0%b8%d0%b8-%d0%b4%d1%8b%d0%bc%d0%be%d0%b2%d1%8b%d1%85-%d0%b3%d0%b0%d0%b7%d0%be%d0%b2\/"},"modified":"2026-03-05T23:19:55","modified_gmt":"2026-03-05T20:19:55","slug":"kompleks-ringlussevott-suitsu-gaasid","status":"publish","type":"page","link":"https:\/\/ek-areng.ee\/et\/kompleks-ringlussevott-suitsu-gaasid\/","title":{"rendered":"Suitsugaaside ringlussev\u00f5tu kompleks"},"content":{"rendered":"\t\t<div data-elementor-type=\"wp-page\" data-elementor-id=\"17556\" class=\"elementor elementor-17556 elementor-15805\">\n\t\t\t\t<div class=\"elementor-element elementor-element-5242f0a e-flex e-con-boxed wd-section-disabled e-con e-parent\" data-id=\"5242f0a\" data-element_type=\"container\" data-e-type=\"container\">\n\t\t\t\t\t<div class=\"e-con-inner\">\n\t\t\t\t<div class=\"elementor-element elementor-element-81685ad elementor-widget-divider--view-line elementor-widget elementor-widget-divider\" data-id=\"81685ad\" data-element_type=\"widget\" data-e-type=\"widget\" data-widget_type=\"divider.default\">\n\t\t\t\t\t\t\t<div class=\"elementor-divider\">\n\t\t\t<span class=\"elementor-divider-separator\">\n\t\t\t\t\t\t<\/span>\n\t\t<\/div>\n\t\t\t\t\t\t<\/div>\n\t\t\t\t\t<\/div>\n\t\t\t\t<\/div>\n\t\t<div class=\"elementor-element elementor-element-c4ece91 e-flex e-con-boxed wd-section-disabled e-con e-parent\" data-id=\"c4ece91\" data-element_type=\"container\" data-e-type=\"container\">\n\t\t\t\t\t<div class=\"e-con-inner\">\n\t\t\t\t<div class=\"elementor-element elementor-element-666a829 elementor-widget elementor-widget-wd_title\" data-id=\"666a829\" data-element_type=\"widget\" data-e-type=\"widget\" data-widget_type=\"wd_title.default\">\n\t\t\t\t<div class=\"elementor-widget-container\">\n\t\t\t\t\t\t\t<div class=\"title-wrapper set-mb-s reset-last-child wd-title-color-default wd-title-style-default wd-title-size-default text-left\">\n\n\t\t\t\t\t\t\t<div class=\"title-subtitle subtitle-color-default subtitle-style-default wd-fontsize-xs\">\n\t\t\t\t\tEK Areng O\u00dc\t\t\t\t<\/div>\n\t\t\t\n\t\t\t<div class=\"liner-continer\">\n\t\t\t\t<h4 class=\"woodmart-title-container title wd-fontsize-l\">Suitsugaaside ringlussev\u00f5tu kompleks<\/h4> \n\t\t\t\t\t\t\t<\/div>\n\n\t\t\t\t\t<\/div>\n\t\t\t\t\t\t<\/div>\n\t\t\t\t<\/div>\n\t\t\t\t\t<\/div>\n\t\t\t\t<\/div>\n\t\t<div class=\"elementor-element elementor-element-5479ef3 e-flex e-con-boxed wd-section-disabled e-con e-parent\" data-id=\"5479ef3\" data-element_type=\"container\" data-e-type=\"container\">\n\t\t\t\t\t<div class=\"e-con-inner\">\n\t\t<div class=\"elementor-element elementor-element-ab03e49 e-con-full e-flex wd-section-disabled e-con e-child\" data-id=\"ab03e49\" data-element_type=\"container\" data-e-type=\"container\">\n\t\t\t\t<div class=\"elementor-element elementor-element-a1af74f elementor-widget elementor-widget-wd_text_block\" data-id=\"a1af74f\" data-element_type=\"widget\" data-e-type=\"widget\" data-widget_type=\"wd_text_block.default\">\n\t\t\t\t<div class=\"elementor-widget-container\">\n\t\t\t\t\t\t\t<div class=\"wd-text-block reset-last-child text-left\">\n\t\t\t\n\t\t\t<p>EK Areng O\u00dc, t\u00f6\u00f6tab v\u00e4lja euri 2000 Ekstraheerimisjaama tehnilise \u00fclesande, projekteerimise, valmistamise, kompositsiooni, tarnimise, montaa\u017ei, k\u00e4ivitamise ja teeninduse.<\/p><p>Euri 2000 Ekstraheerimisjaama peamine eesm\u00e4rk on eraldada, puhastada ja veeldada s\u00fcsinikdioksiidi CO2 p\u00e4rast maagaasi p\u00fcrol\u00fc\u00fcsi tekkivatest suitsugaasidest. Saadud toidu s\u00fcsinikdioksiid vastab Euroopa standardile EN1035 ja sobib j\u00e4rgmistesse t\u00f6\u00f6stusharudesse ja rakendusvaldkondadesse;<\/p><p>- Toitlustusettev\u00f5tted;<\/p><p>- \u00d5lletehas;<\/p><p>- mittealkohoolsete jookide valmistamine;<\/p><p>- gaseeritud mineraal-ja joogivee valmistamine;<\/p><p>- tulekustutusseadmed;<\/p><p>- kasvuhoone;<\/p><p>- toiduainete pakendamine;<\/p><p>- keevitusseadmed<\/p><p>Euri 2000 ekstraheerimisjaam toodab 2500 kg\/h s\u00f6\u00f6davat s\u00fcsihappegaasi CO\u2082 ning integreeritakse ja kasutatakse 10 MW v\u00f5imsusega elektrijaamaga, mis t\u00f6\u00f6tab erinevate tootjate gaasi-porsniseadmetel (GPU).<\/p><p>Euri 2000 ekstraheerimisjaam on t\u00e4ielik tehasevalmidusega toode, mis sisaldab k\u00f5iki vajalikke agregaate, et tagada toimimine vastavalt sihtotstarbele.<\/p><p>T\u00f6\u00f6re\u017eiim-\u00f6\u00f6p\u00e4evaringselt, automaatre\u017eiimis.<\/p><p>Euri 2000 ekstraheerimisjaama t\u00fc\u00fcp ja konstruktsioon vastab konstruktsioonidokumentatsioonile.<\/p><p>Ekstraheerimisjaama konstruktsioon tagab t\u00f6\u00f6kindluse ja ohutuse m\u00e4\u00e4ratud t\u00f6\u00f6ea jooksul ning v\u00f5imaldab teostada hooldust, puhastamist, remonti ja t\u00f6\u00f6kontrolli.<\/p><p>Ekstraktsioonijaama konstruktiivne lahendus on rakendatud, v\u00f5ttes arvesse tuleohutuse n\u00f5udeid, operaatorite ohutust paigaldamisel ja kasutamisel.<\/p><p>K\u00f5rgsagedusliku s\u00fcsinikdioksiidi saamiseks on ekstraheerimisjaam varustatud kondenseerumata gaaside eemaldamiseks rektifitseerimiss\u00fcsteemiga.<\/p><p>Suurkaaberilised s\u00f5lmed (sealhulgas kolonnaseadmed) on valmistatud lahtiv\u00f5tmisega, et h\u00f5lbustada transportimist tellija platvormile.<\/p>\n\t\t\t\t\t<\/div>\n\t\t\t\t\t\t<\/div>\n\t\t\t\t<\/div>\n\t\t\t\t<\/div>\n\t\t<div class=\"elementor-element elementor-element-05b269f e-con-full e-flex wd-section-disabled e-con e-child\" data-id=\"05b269f\" data-element_type=\"container\" data-e-type=\"container\">\n\t\t\t\t<div class=\"elementor-element elementor-element-f98ef5f elementor-widget elementor-widget-wd_image_or_svg\" data-id=\"f98ef5f\" data-element_type=\"widget\" data-e-type=\"widget\" data-widget_type=\"wd_image_or_svg.default\">\n\t\t\t\t<div class=\"elementor-widget-container\">\n\t\t\t\t\t\n\t\t<div class=\"wd-image text-right\">\n\t\t\t\t\t\t\t\t<img fetchpriority=\"high\" decoding=\"async\" width=\"514\" height=\"1166\" src=\"https:\/\/ek-areng.ee\/wp-content\/uploads\/2026\/02\/33.jpg\" class=\"attachment-full size-full\" alt=\"\" srcset=\"https:\/\/ek-areng.ee\/wp-content\/uploads\/2026\/02\/33.jpg 514w, https:\/\/ek-areng.ee\/wp-content\/uploads\/2026\/02\/33-132x300.jpg 132w, https:\/\/ek-areng.ee\/wp-content\/uploads\/2026\/02\/33-353x800.jpg 353w, https:\/\/ek-areng.ee\/wp-content\/uploads\/2026\/02\/33-430x975.jpg 430w, https:\/\/ek-areng.ee\/wp-content\/uploads\/2026\/02\/33-150x340.jpg 150w\" sizes=\"(max-width: 514px) 100vw, 514px\" \/>\t\t\t\t\t<\/div>\n\n\t\t\t\t\t\t<\/div>\n\t\t\t\t<\/div>\n\t\t\t\t<\/div>\n\t\t\t\t\t<\/div>\n\t\t\t\t<\/div>\n\t\t<div class=\"elementor-element elementor-element-0203d84 e-flex e-con-boxed wd-section-disabled e-con e-parent\" data-id=\"0203d84\" data-element_type=\"container\" data-e-type=\"container\">\n\t\t\t\t\t<div class=\"e-con-inner\">\n\t\t<div class=\"elementor-element elementor-element-13b23a5 e-con-full e-flex wd-section-disabled e-con e-child\" data-id=\"13b23a5\" data-element_type=\"container\" data-e-type=\"container\">\n\t\t\t\t<div class=\"elementor-element elementor-element-3167b21 elementor-widget elementor-widget-wd_image_or_svg\" data-id=\"3167b21\" data-element_type=\"widget\" data-e-type=\"widget\" data-widget_type=\"wd_image_or_svg.default\">\n\t\t\t\t<div class=\"elementor-widget-container\">\n\t\t\t\t\t\n\t\t<div class=\"wd-image text-left\">\n\t\t\t\t\t\t\t\t<img decoding=\"async\" width=\"262\" height=\"300\" src=\"https:\/\/ek-areng.ee\/wp-content\/uploads\/2026\/02\/Picture2-262x300.png\" class=\"attachment-medium size-medium\" alt=\"\" srcset=\"https:\/\/ek-areng.ee\/wp-content\/uploads\/2026\/02\/Picture2-262x300.png 262w, https:\/\/ek-areng.ee\/wp-content\/uploads\/2026\/02\/Picture2-698x800.png 698w, https:\/\/ek-areng.ee\/wp-content\/uploads\/2026\/02\/Picture2-768x880.png 768w, https:\/\/ek-areng.ee\/wp-content\/uploads\/2026\/02\/Picture2-860x986.png 860w, https:\/\/ek-areng.ee\/wp-content\/uploads\/2026\/02\/Picture2-430x493.png 430w, https:\/\/ek-areng.ee\/wp-content\/uploads\/2026\/02\/Picture2-700x802.png 700w, https:\/\/ek-areng.ee\/wp-content\/uploads\/2026\/02\/Picture2-150x172.png 150w, https:\/\/ek-areng.ee\/wp-content\/uploads\/2026\/02\/Picture2.png 1587w\" sizes=\"(max-width: 262px) 100vw, 262px\" \/>\t\t\t\t\t<\/div>\n\n\t\t\t\t\t\t<\/div>\n\t\t\t\t<\/div>\n\t\t\t\t<\/div>\n\t\t<div class=\"elementor-element elementor-element-6fc276f e-con-full e-flex wd-section-disabled e-con e-child\" data-id=\"6fc276f\" data-element_type=\"container\" data-e-type=\"container\">\n\t\t\t\t<div class=\"elementor-element elementor-element-ad9cb99 elementor-widget elementor-widget-wd_text_block\" data-id=\"ad9cb99\" data-element_type=\"widget\" data-e-type=\"widget\" data-widget_type=\"wd_text_block.default\">\n\t\t\t\t<div class=\"elementor-widget-container\">\n\t\t\t\t\t\t\t<div class=\"wd-text-block reset-last-child text-left\">\n\t\t\t\n\t\t\t<p><a href=\"https:\/\/ek-areng.ee\/et\/%d0%be%d0%bf%d0%b8%d1%81%d0%b0%d0%bd%d0%b8%d0%b5-%d1%82%d0%b5%d1%85%d0%bd%d0%be%d0%bb%d0%be%d0%b3%d0%b8%d1%87%d0%b5%d1%81%d0%ba%d0%be%d0%b3%d0%be-%d0%bf%d1%80%d0%be%d1%86%d0%b5%d1%81%d1%81%d0%b0\/\"><strong><span style=\"color: #339966;\">- CO2 ekstraheerimise tehnoloogilise protsessi kirjeldus suitsugaasidest (heitgaasid)<\/span><\/strong><\/a><\/p><p><a href=\"https:\/\/ek-areng.ee\/et\/%d0%be%d1%81%d0%bd%d0%be%d0%b2%d0%bd%d1%8b%d0%b5-%d1%82%d0%b5%d1%85%d0%bd%d0%b8%d1%87%d0%b5%d1%81%d0%ba%d0%b8%d0%b5-%d0%b4%d0%b0%d0%bd%d0%bd%d1%8b%d0%b5-%d1%81%d1%82%d0%b0%d0%bd%d1%86%d0%b8%d0%b8\/\"><strong><span style=\"color: #339966;\">- ekstruktsioonijaama peamised tehnilised andmed EURI 2000<\/span><\/strong><\/a><\/p><p><a href=\"https:\/\/ek-areng.ee\/et\/%d0%ba%d0%be%d0%bc%d0%bf%d0%b0%d0%bd%d0%be%d0%b2%d0%ba%d0%b0-%d1%81%d1%82%d0%b0%d0%bd%d1%86%d0%b8%d0%b8-euri-2000\/\"><strong><span style=\"color: #339966;\">- v\u00e4ljapressimisjaama kompanii EURI 2000<\/span><\/strong><\/a><\/p><p><a href=\"https:\/\/ek-areng.ee\/et\/%d1%8d%d1%82%d0%b0%d0%bf%d1%8b-%d1%80%d0%b5%d0%b0%d0%bb%d0%b8%d0%b7%d0%b0%d1%86%d0%b8%d0%b8-%d0%bf%d1%80%d0%be%d0%b5%d0%ba%d1%82%d0%b0\/\"><strong><span style=\"color: #339966;\">- projekti elluviimise etapid<\/span><\/strong><\/a><\/p><p><a href=\"https:\/\/ek-areng.ee\/et\/contact-us\/\"><strong><span style=\"color: #339966;\">- Kontaktisik<\/span><\/strong><\/a><\/p>\n\t\t\t\t\t<\/div>\n\t\t\t\t\t\t<\/div>\n\t\t\t\t<\/div>\n\t\t\t\t<\/div>\n\t\t\t\t\t<\/div>\n\t\t\t\t<\/div>\n\t\t<div class=\"elementor-element elementor-element-451c36f e-flex e-con-boxed wd-section-disabled e-con e-parent\" data-id=\"451c36f\" data-element_type=\"container\" data-e-type=\"container\">\n\t\t\t\t\t<div class=\"e-con-inner\">\n\t\t\t\t<div class=\"elementor-element elementor-element-b6ab556 elementor-widget elementor-widget-woodmart_menu_anchor\" data-id=\"b6ab556\" data-element_type=\"widget\" data-e-type=\"widget\" data-widget_type=\"woodmart_menu_anchor.default\">\n\t\t\t\t<div class=\"elementor-widget-container\">\n\t\t\t\t\t\t\t<div class=\"wd-menu-anchor\" data-id=\"anchor1\" data-offset=\"150\"><\/div>\n\t\t\t\t\t\t<\/div>\n\t\t\t\t<\/div>\n\t\t\t\t<div class=\"elementor-element elementor-element-c2b5fa7 elementor-widget elementor-widget-wd_contact_form_7\" data-id=\"c2b5fa7\" data-element_type=\"widget\" data-e-type=\"widget\" id=\"FormEst\" data-widget_type=\"wd_contact_form_7.default\">\n\t\t\t\t<div class=\"elementor-widget-container\">\n\t\t\t\t\t\n<div class=\"wpcf7 no-js\" id=\"wpcf7-f17841-o1\" lang=\"ru-RU\" dir=\"ltr\" data-wpcf7-id=\"17841\">\n<div class=\"screen-reader-response\"><p role=\"status\" aria-live=\"polite\" aria-atomic=\"true\"><\/p> <ul><\/ul><\/div>\n<form action=\"\/et\/wp-json\/wp\/v2\/pages\/17556#wpcf7-f17841-o1\" method=\"post\" class=\"wpcf7-form init\" aria-label=\"\u041a\u043e\u043d\u0442\u0430\u043a\u0442\u043d\u0430\u044f \u0444\u043e\u0440\u043c\u0430\" novalidate=\"novalidate\" data-status=\"init\">\n<fieldset class=\"hidden-fields-container\"><input type=\"hidden\" name=\"_wpcf7\" value=\"17841\" \/><input type=\"hidden\" name=\"_wpcf7_version\" value=\"6.1.5\" \/><input type=\"hidden\" name=\"_wpcf7_locale\" value=\"ru_RU\" \/><input type=\"hidden\" name=\"_wpcf7_unit_tag\" value=\"wpcf7-f17841-o1\" \/><input type=\"hidden\" name=\"_wpcf7_container_post\" value=\"0\" \/><input type=\"hidden\" name=\"_wpcf7_posted_data_hash\" value=\"\" \/>\n<\/fieldset>\n<h3>K\u00dcSITLUSVORM Nr 1\n<\/h3>\n<h4>KLIENDI ANDMED\n<\/h4>\n<p><label>Ettev\u00f5tte nimi<\/label><br \/>\n<span class=\"wpcf7-form-control-wrap\" data-name=\"company-name\"><input size=\"40\" maxlength=\"400\" class=\"wpcf7-form-control wpcf7-text wpcf7-validates-as-required\" aria-required=\"true\" aria-invalid=\"false\" value=\"\" type=\"text\" name=\"company-name\" \/><\/span>\n<\/p>\n<p><label>Aadress<\/label><br \/>\n<span class=\"wpcf7-form-control-wrap\" data-name=\"company-address\"><input size=\"40\" maxlength=\"400\" class=\"wpcf7-form-control wpcf7-text wpcf7-validates-as-required\" aria-required=\"true\" aria-invalid=\"false\" value=\"\" type=\"text\" name=\"company-address\" \/><\/span>\n<\/p>\n<h4>Tehniliste k\u00fcsimuste kontaktisik\n<\/h4>\n<p><label>T\u00e4isnimi<\/label><br \/>\n<span class=\"wpcf7-form-control-wrap\" data-name=\"tech-name\"><input size=\"40\" maxlength=\"400\" class=\"wpcf7-form-control wpcf7-text wpcf7-validates-as-required\" aria-required=\"true\" aria-invalid=\"false\" value=\"\" type=\"text\" name=\"tech-name\" \/><\/span>\n<\/p>\n<p><label>Ametikoht<\/label><br \/>\n<span class=\"wpcf7-form-control-wrap\" data-name=\"tech-position\"><input size=\"40\" maxlength=\"400\" class=\"wpcf7-form-control wpcf7-text\" aria-invalid=\"false\" value=\"\" type=\"text\" name=\"tech-position\" \/><\/span>\n<\/p>\n<p><label>Telefon<\/label><br \/>\n<span class=\"wpcf7-form-control-wrap\" data-name=\"tech-phone\"><input size=\"40\" maxlength=\"400\" class=\"wpcf7-form-control wpcf7-tel wpcf7-validates-as-required wpcf7-text wpcf7-validates-as-tel\" aria-required=\"true\" aria-invalid=\"false\" value=\"\" type=\"tel\" name=\"tech-phone\" \/><\/span>\n<\/p>\n<p><label>E-post<\/label><br \/>\n<span class=\"wpcf7-form-control-wrap\" data-name=\"tech-email\"><input size=\"40\" maxlength=\"400\" class=\"wpcf7-form-control wpcf7-email wpcf7-validates-as-required wpcf7-text wpcf7-validates-as-email\" aria-required=\"true\" aria-invalid=\"false\" value=\"\" type=\"email\" name=\"tech-email\" \/><\/span>\n<\/p>\n<h4>Majandusk\u00fcsimuste kontaktisik\n<\/h4>\n<p><label>T\u00e4isnimi<\/label><br \/>\n<span class=\"wpcf7-form-control-wrap\" data-name=\"econ-name\"><input size=\"40\" maxlength=\"400\" class=\"wpcf7-form-control wpcf7-text\" aria-invalid=\"false\" value=\"\" type=\"text\" name=\"econ-name\" \/><\/span>\n<\/p>\n<p><label>Ametikoht<\/label><br \/>\n<span class=\"wpcf7-form-control-wrap\" data-name=\"econ-position\"><input size=\"40\" maxlength=\"400\" class=\"wpcf7-form-control wpcf7-text\" aria-invalid=\"false\" value=\"\" type=\"text\" name=\"econ-position\" \/><\/span>\n<\/p>\n<p><label>Telefon<\/label><br \/>\n<span class=\"wpcf7-form-control-wrap\" data-name=\"econ-phone\"><input size=\"40\" maxlength=\"400\" class=\"wpcf7-form-control wpcf7-tel wpcf7-text wpcf7-validates-as-tel\" aria-invalid=\"false\" value=\"\" type=\"tel\" name=\"econ-phone\" \/><\/span>\n<\/p>\n<p><label>E-post<\/label><br \/>\n<span class=\"wpcf7-form-control-wrap\" data-name=\"econ-email\"><input size=\"40\" maxlength=\"400\" class=\"wpcf7-form-control wpcf7-email wpcf7-text wpcf7-validates-as-email\" aria-invalid=\"false\" value=\"\" type=\"email\" name=\"econ-email\" \/><\/span>\n<\/p>\n<h4>OBJEKTI ANDMED\n<\/h4>\n<p><label>Objekti nimetus<\/label><br \/>\n<span class=\"wpcf7-form-control-wrap\" data-name=\"object-name\"><input size=\"40\" maxlength=\"400\" class=\"wpcf7-form-control wpcf7-text wpcf7-validates-as-required\" aria-required=\"true\" aria-invalid=\"false\" value=\"\" type=\"text\" name=\"object-name\" \/><\/span>\n<\/p>\n<p><label>Objekti aadress<\/label><br \/>\n<span class=\"wpcf7-form-control-wrap\" data-name=\"object-address\"><input size=\"40\" maxlength=\"400\" class=\"wpcf7-form-control wpcf7-text wpcf7-validates-as-required\" aria-required=\"true\" aria-invalid=\"false\" value=\"\" type=\"text\" name=\"object-address\" \/><\/span>\n<\/p>\n<p><label>P\u00f5hitegevuse kirjeldus<\/label><br \/>\n<span class=\"wpcf7-form-control-wrap\" data-name=\"object-description\"><textarea cols=\"40\" rows=\"10\" maxlength=\"2000\" class=\"wpcf7-form-control wpcf7-textarea\" aria-invalid=\"false\" name=\"object-description\"><\/textarea><\/span>\n<\/p>\n<p><label>Kaugus elamupiirkonnast (m)<\/label><br \/>\n<span class=\"wpcf7-form-control-wrap\" data-name=\"distance-zone\"><input class=\"wpcf7-form-control wpcf7-number wpcf7-validates-as-number\" aria-invalid=\"false\" value=\"\" type=\"number\" name=\"distance-zone\" \/><\/span>\n<\/p>\n<h4>Seismiline aktiivsus\n<\/h4>\n<p><span class=\"wpcf7-form-control-wrap\" data-name=\"seismic\"><span class=\"wpcf7-form-control wpcf7-radio\"><span class=\"wpcf7-list-item first\"><label><input type=\"radio\" name=\"seismic\" value=\"Jah\" \/><span class=\"wpcf7-list-item-label\">Jah<\/span><\/label><\/span><span class=\"wpcf7-list-item last\"><label><input type=\"radio\" name=\"seismic\" value=\"Ei\" \/><span class=\"wpcf7-list-item-label\">Ei<\/span><\/label><\/span><\/span><\/span>\n<\/p>\n<h4>Nimiv\u00f5imsus\n<\/h4>\n<p><span class=\"wpcf7-form-control-wrap\" data-name=\"capacity\"><span class=\"wpcf7-form-control wpcf7-radio\"><span class=\"wpcf7-list-item first\"><label><input type=\"radio\" name=\"capacity\" value=\"1000 kg\/h\" \/><span class=\"wpcf7-list-item-label\">1000 kg\/h<\/span><\/label><\/span><span class=\"wpcf7-list-item\"><label><input type=\"radio\" name=\"capacity\" value=\"1500 kg\/h\" \/><span class=\"wpcf7-list-item-label\">1500 kg\/h<\/span><\/label><\/span><span class=\"wpcf7-list-item\"><label><input type=\"radio\" name=\"capacity\" value=\"2000 kg\/h\" \/><span class=\"wpcf7-list-item-label\">2000 kg\/h<\/span><\/label><\/span><span class=\"wpcf7-list-item\"><label><input type=\"radio\" name=\"capacity\" value=\"2500 kg\/h\" \/><span class=\"wpcf7-list-item-label\">2500 kg\/h<\/span><\/label><\/span><span class=\"wpcf7-list-item last\"><label><input type=\"radio\" name=\"capacity\" value=\"Muu\" \/><span class=\"wpcf7-list-item-label\">Muu<\/span><\/label><\/span><\/span><\/span>\n<\/p>\n<p><label>Kui valitud on \u201eMuu\u201d<\/label><br \/>\n<span class=\"wpcf7-form-control-wrap\" data-name=\"capacity-other\"><input size=\"40\" maxlength=\"400\" class=\"wpcf7-form-control wpcf7-text\" aria-invalid=\"false\" value=\"\" type=\"text\" name=\"capacity-other\" \/><\/span>\n<\/p>\n<h4>Heitgaasi allikas\n<\/h4>\n<p><span class=\"wpcf7-form-control-wrap\" data-name=\"gas-source\"><span class=\"wpcf7-form-control wpcf7-checkbox\"><span class=\"wpcf7-list-item first\"><label><input type=\"checkbox\" name=\"gas-source[]\" value=\"Aurukatel\" \/><span class=\"wpcf7-list-item-label\">Aurukatel<\/span><\/label><\/span><span class=\"wpcf7-list-item\"><label><input type=\"checkbox\" name=\"gas-source[]\" value=\"Generaatorid\" \/><span class=\"wpcf7-list-item-label\">Generaatorid<\/span><\/label><\/span><span class=\"wpcf7-list-item last\"><label><input type=\"checkbox\" name=\"gas-source[]\" value=\"Muu\" \/><span class=\"wpcf7-list-item-label\">Muu<\/span><\/label><\/span><\/span><\/span>\n<\/p>\n<p><label>Kui valitud on \u201eMuu\u201d<\/label><br \/>\n<span class=\"wpcf7-form-control-wrap\" data-name=\"gas-source-other\"><input size=\"40\" maxlength=\"400\" class=\"wpcf7-form-control wpcf7-text\" aria-invalid=\"false\" value=\"\" type=\"text\" name=\"gas-source-other\" \/><\/span>\n<\/p>\n<h4>Vajalikud seadmed\n<\/h4>\n<p><label>Vee jahutuss\u00fcsteem<\/label><br \/>\n<span class=\"wpcf7-form-control-wrap\" data-name=\"cooling\"><span class=\"wpcf7-form-control wpcf7-radio\"><span class=\"wpcf7-list-item first\"><label><input type=\"radio\" name=\"cooling\" value=\"Jah\" \/><span class=\"wpcf7-list-item-label\">Jah<\/span><\/label><\/span><span class=\"wpcf7-list-item last\"><label><input type=\"radio\" name=\"cooling\" value=\"Ei\" \/><span class=\"wpcf7-list-item-label\">Ei<\/span><\/label><\/span><\/span><\/span>\n<\/p>\n<p><label>Balloonide t\u00e4itmisjaam<\/label><br \/>\n<span class=\"wpcf7-form-control-wrap\" data-name=\"cylinders\"><span class=\"wpcf7-form-control wpcf7-radio\"><span class=\"wpcf7-list-item first\"><label><input type=\"radio\" name=\"cylinders\" value=\"Jah\" \/><span class=\"wpcf7-list-item-label\">Jah<\/span><\/label><\/span><span class=\"wpcf7-list-item last\"><label><input type=\"radio\" name=\"cylinders\" value=\"Ei\" \/><span class=\"wpcf7-list-item-label\">Ei<\/span><\/label><\/span><\/span><\/span>\n<\/p>\n<p><label>Mahutite (tsisternide) t\u00e4itmine<\/label><br \/>\n<span class=\"wpcf7-form-control-wrap\" data-name=\"tankers\"><span class=\"wpcf7-form-control wpcf7-radio\"><span class=\"wpcf7-list-item first\"><label><input type=\"radio\" name=\"tankers\" value=\"Jah\" \/><span class=\"wpcf7-list-item-label\">Jah<\/span><\/label><\/span><span class=\"wpcf7-list-item last\"><label><input type=\"radio\" name=\"tankers\" value=\"Ei\" \/><span class=\"wpcf7-list-item-label\">Ei<\/span><\/label><\/span><\/span><\/span>\n<\/p>\n<p><label>CO2 aurusti<\/label><br \/>\n<span class=\"wpcf7-form-control-wrap\" data-name=\"evaporator\"><span class=\"wpcf7-form-control wpcf7-radio\"><span class=\"wpcf7-list-item first\"><label><input type=\"radio\" name=\"evaporator\" value=\"Jah\" \/><span class=\"wpcf7-list-item-label\">Jah<\/span><\/label><\/span><span class=\"wpcf7-list-item last\"><label><input type=\"radio\" name=\"evaporator\" value=\"Ei\" \/><span class=\"wpcf7-list-item-label\">Ei<\/span><\/label><\/span><\/span><\/span>\n<\/p>\n<p><label>CO2 hoiupaagid<\/label><br \/>\n<span class=\"wpcf7-form-control-wrap\" data-name=\"storage\"><span class=\"wpcf7-form-control wpcf7-radio\"><span class=\"wpcf7-list-item first\"><label><input type=\"radio\" name=\"storage\" value=\"Jah\" \/><span class=\"wpcf7-list-item-label\">Jah<\/span><\/label><\/span><span class=\"wpcf7-list-item last\"><label><input type=\"radio\" name=\"storage\" value=\"Ei\" \/><span class=\"wpcf7-list-item-label\">Ei<\/span><\/label><\/span><\/span><\/span>\n<\/p>\n<p><label>Mahuti maht (tonnides)<\/label><br \/>\n<span class=\"wpcf7-form-control-wrap\" data-name=\"storage-capacity\"><input class=\"wpcf7-form-control wpcf7-number wpcf7-validates-as-number\" aria-invalid=\"false\" value=\"\" type=\"number\" name=\"storage-capacity\" \/><\/span>\n<\/p>\n<h4>T\u00e4iendavad soovid\n<\/h4>\n<p><span class=\"wpcf7-form-control-wrap\" data-name=\"additional-notes\"><textarea cols=\"40\" rows=\"10\" maxlength=\"2000\" class=\"wpcf7-form-control wpcf7-textarea\" aria-invalid=\"false\" name=\"additional-notes\"><\/textarea><\/span>\n<\/p>\n<p><input class=\"wpcf7-form-control wpcf7-submit has-spinner\" type=\"submit\" value=\"Saada\" \/>\n<\/p><div class=\"wpcf7-response-output\" aria-hidden=\"true\"><\/div>\n<\/form>\n<\/div>\n\t\t\t\t<\/div>\n\t\t\t\t<\/div>\n\t\t\t\t\t<\/div>\n\t\t\t\t<\/div>\n\t\t\t\t<\/div>\n\t\t","protected":false},"excerpt":{"rendered":"<p>EK Areng O\u00dc Suitsugaaside ringlussev\u00f5tu kompleks EK Areng O\u00dc, t\u00f6\u00f6tab v\u00e4lja euri 2000 Ekstraheerimisjaama tehnilise \u00fclesande, projekteerimise, valmistamise, kompositsiooni, tarnimise,<\/p>\n","protected":false},"author":1,"featured_media":0,"parent":0,"menu_order":0,"comment_status":"closed","ping_status":"closed","template":"","meta":{"footnotes":""},"class_list":["post-17556","page","type-page","status-publish","hentry"],"_links":{"self":[{"href":"https:\/\/ek-areng.ee\/et\/wp-json\/wp\/v2\/pages\/17556","targetHints":{"allow":["GET"]}}],"collection":[{"href":"https:\/\/ek-areng.ee\/et\/wp-json\/wp\/v2\/pages"}],"about":[{"href":"https:\/\/ek-areng.ee\/et\/wp-json\/wp\/v2\/types\/page"}],"author":[{"embeddable":true,"href":"https:\/\/ek-areng.ee\/et\/wp-json\/wp\/v2\/users\/1"}],"replies":[{"embeddable":true,"href":"https:\/\/ek-areng.ee\/et\/wp-json\/wp\/v2\/comments?post=17556"}],"version-history":[{"count":19,"href":"https:\/\/ek-areng.ee\/et\/wp-json\/wp\/v2\/pages\/17556\/revisions"}],"predecessor-version":[{"id":17960,"href":"https:\/\/ek-areng.ee\/et\/wp-json\/wp\/v2\/pages\/17556\/revisions\/17960"}],"wp:attachment":[{"href":"https:\/\/ek-areng.ee\/et\/wp-json\/wp\/v2\/media?parent=17556"}],"curies":[{"name":"wp","href":"https:\/\/api.w.org\/{rel}","templated":true}]}}