{"id":17562,"date":"2026-02-10T21:19:36","date_gmt":"2026-02-10T18:19:36","guid":{"rendered":"https:\/\/ek-areng.ee\/%d0%be%d0%bf%d0%b8%d1%81%d0%b0%d0%bd%d0%b8%d0%b5-%d1%82%d0%b5%d1%85%d0%bd%d0%be%d0%bb%d0%be%d0%b3%d0%b8%d1%87%d0%b5%d1%81%d0%ba%d0%be%d0%b3%d0%be-%d0%bf%d1%80%d0%be%d1%86%d0%b5%d1%81%d1%81%d0%b0\/"},"modified":"2026-03-05T23:20:14","modified_gmt":"2026-03-05T20:20:14","slug":"kirjeldus-tehnoloogiline-protsess","status":"publish","type":"page","link":"https:\/\/ek-areng.ee\/et\/kirjeldus-tehnoloogiline-protsess\/","title":{"rendered":"CO 2 Heitgaaside ekstraheerimise tehnoloogilise protsessi kirjeldus (heitgaasid)"},"content":{"rendered":"\t\t<div data-elementor-type=\"wp-page\" data-elementor-id=\"17562\" class=\"elementor elementor-17562 elementor-15937\">\n\t\t\t\t<div class=\"elementor-element elementor-element-bda5952 e-flex e-con-boxed wd-section-disabled e-con e-parent\" data-id=\"bda5952\" data-element_type=\"container\" data-e-type=\"container\">\n\t\t\t\t\t<div class=\"e-con-inner\">\n\t\t<div class=\"elementor-element elementor-element-e511855 e-con-full e-flex wd-section-disabled e-con e-child\" data-id=\"e511855\" data-element_type=\"container\" data-e-type=\"container\">\n\t\t\t\t<div class=\"elementor-element elementor-element-72f8b63 elementor-widget elementor-widget-wd_title\" data-id=\"72f8b63\" data-element_type=\"widget\" data-e-type=\"widget\" data-widget_type=\"wd_title.default\">\n\t\t\t\t<div class=\"elementor-widget-container\">\n\t\t\t\t\t\t\t<div class=\"title-wrapper set-mb-s reset-last-child wd-title-color-default wd-title-style-default wd-title-size-default text-center\">\n\n\t\t\t\t\t\t\t<div class=\"title-subtitle subtitle-color-default subtitle-style-default wd-fontsize-xs\">\n\t\t\t\t\tEK-ARENG O\u0170\t\t\t\t<\/div>\n\t\t\t\n\t\t\t<div class=\"liner-continer\">\n\t\t\t\t<h4 class=\"woodmart-title-container title wd-fontsize-l\">CO 2 ekstraheerimise tehnoloogilise protsessi kirjeldus<br \/>\nsuitsugaasid (heitgaasid)<\/h4> \n\t\t\t\t\t\t\t<\/div>\n\n\t\t\t\t\t<\/div>\n\t\t\t\t\t\t<\/div>\n\t\t\t\t<\/div>\n\t\t\t\t<div class=\"elementor-element elementor-element-8bd8e19 elementor-widget elementor-widget-wd_text_block\" data-id=\"8bd8e19\" data-element_type=\"widget\" data-e-type=\"widget\" data-widget_type=\"wd_text_block.default\">\n\t\t\t\t<div class=\"elementor-widget-container\">\n\t\t\t\t\t\t\t<div class=\"wd-text-block reset-last-child text-left\">\n\t\t\t\n\t\t\t<h3 class=\"western\">\u00a0<\/h3><p>Euri-2000 ekstraheerimisjaam, mis on ette n\u00e4htud \u00f6\u00f6p\u00e4evaringselt t\u00f6\u00f6tamiseks t\u00e4isautomaatses re\u017eiimis, absorptsioonitehnoloogia p\u00f5hineb mea-tehnoloogial \u2013 35% monoetanoolamiini (mea) lahusega.<\/p><p>Heitgaas suunatakse katal\u00fcsaatorisse (De-Nox plokk), kus suitsugaasist eemaldatakse NOx l\u00e4mmastikoksiidid. P\u00e4rast katal\u00fcsaatorit juhitakse kuumad heitgaasid IEA-le-reboiler CO2 eraldamiseks vajaliku kuumutamise jaoks. Seej\u00e4rel suunatakse gaas suitsugaaside pesurisse, kus see jahutatakse.<\/p><p>Heitgaasipuhastit kasutatakse nii jahutamiseks kui ka pesemiseks mitmesugustest vees lahustuvatest lisanditest.<\/p><p>Heitgaasipesuri sisselaskeavasse on paigaldatud suitsupump, mis hoiab s\u00fcsteemis r\u00f5hku.<\/p><p>Absorptsioonikolonnis toimub mea lahuse keemiline reaktsioon Co-GA2 neeldub umbes 80-90% heitgaasiga tarnitud s\u00fcsinikdioksiidist. \u00dclej\u00e4\u00e4nud gaasid, peamiselt N2 ja O2 juhitakse l\u00e4bi absorbeerija \u00fclemise osa. Et v\u00e4ltida IEA ja vee kadumist atmosf\u00e4\u00e4ri, jahutatakse gaasi j\u00e4\u00e4gid IEA pesemisosakonnas tagasi absorberisse.<\/p><p>T\u00f6\u00f6deldud gaas juhitakse absorptsioonikolonni alumisse ossa. Seal, kus see liigub, reageerib \u00f5\u00f5nsa tagasit\u00e4ite kaudu \u00fclespoole 32% mea (monoetanoolamiini) lahusega, mis liigub sellele vastuvoolus.<\/p><p>K\u00fcllastunud mea lahus (k\u00fcllastunud CO2 gaasiga) absorbeerija alumisest osast juhitakse eemalduskolonni \u00fclemisse ossa (desorber). Enne desorberisse viimist l\u00e4bib lahus k\u00fcllastunud\/vaesestatud lahuse vahepealse soojusvaheti. Striperkolonni alumises osas eraldab k\u00fcllastunud IEA lahus, mis on kuumutatud heitgaasidega reboileris, keemiliselt \u00fchendatud CO2. P\u00e4rast seda muutub k\u00fcllastunud IEA lahus vaesemaks.<\/p><p>Vaesestatud mea lahus tagastatakse imendumiskolonni rikastatud \/ vaesestatud lahuse soojusvaheti kaudu. Lahja mea lahus jahutatakse kahes etapis, l\u00e4bides k\u00f5igepealt rikastatud \/ Lahja mea lahuse jahuti ja seej\u00e4rel enne absorbeerija \u00fclaossa naasmist jahutusveega.<\/p><p>Samuti imendub REGENERAATORIS mea lahus saasteaineid, nagu Kuumuskindlad soolad. Regenereerimisprotsess toimub pidevalt ja on t\u00e4ielikult automatiseeritud. Termostabiilsed soolad eemaldatakse mea lahuse kuumutamisel. Osa tagastatavast vaesestatud IEA lahusest juhitakse puhastamiseks l\u00e4bi s\u00f6epadja.<\/p><p>Eemalduskolonni \u00fclaosast siseneb gaasiline CO2 l\u00e4bi veepuhastaja, et eemaldada IEA j\u00e4ljed gaasi vedeldusseadmesse, kus CO2 gaas surutakse kokku kaheastmelise \u00f5livaba kompressoriga<\/p><p>Surugaas jahutatakse kaheastmelises jahutis enne selle deh\u00fcdratsiooni. Deh\u00fcdraator regenereeritakse automaatselt, puhastades CO2 gaasi kondensaatorist, mida soojendab sisemine k\u00fcttes\u00fcsteem. Selle jahutamine toimub v\u00e4ikese koguse puhta gaasiga CO2 kondensaatorist. Lisaks eemaldab deh\u00fcdraator gaasi kuivatamisel v\u00f5imalikud oksiidide, n\u00e4iteks aldeh\u00fc\u00fcdide j\u00e4ljed.<\/p><p>Deh\u00fcdraatori taga on s\u00fcsinikfilter, kus \u00fclej\u00e4\u00e4nud erinevad l\u00f5hnavad ained eemaldatakse gaasist. K\u00f5rge puhtusastmega CO2 jaoks on seade varustatud kondenseerumata gaaside eemaldamiseks rektifitseerimiss\u00fcsteemiga.<\/p><p>Aktiivs\u00f6efiltri s\u00fcsinikdioksiid suunatakse \u00fclekuumendi kaudu parandusseadmesse, kus see jahutatakse enne CO2 kondensaator. Kondensaatori CO2 kondensaat voolab oma raskuse all rektifitseerimiskolonni alumisse ossa, kus reboilerist eemaldava gaasiga vastuvoolus juhitakse see kolonni t\u00e4itmise kaudu destilleerimiskolonni.<\/p><p>Puhastusgaasi tarbimine s\u00f5ltub CO2 r\u00f5hust. Puhastusgaasi kasutatakse pneumaatilises juhtimiss\u00fcsteemis suru\u00f5hu asemel.<\/p><p>Jahutusseade sisaldab jahutuskompressorit, CO2 kondensaatorit, k\u00fclmutusagensi kondensaatorit ja vastuv\u00f5tjat. K\u00fclmutusseadmete juhtimine toimub CO2 r\u00f5hu all s\u00fcsinikdioksiidi kondensaatori gaasipoolel.<\/p><p>Veeldatud CO2 hoitakse reservuaaris r\u00f5hul umbes 15-18 baari ja sellele vastaval temperatuuril -27\u00b0 \/ -23\u00b0C.<\/p>\n\t\t\t\t\t<\/div>\n\t\t\t\t\t\t<\/div>\n\t\t\t\t<\/div>\n\t\t\t\t<\/div>\n\t\t\t\t\t<\/div>\n\t\t\t\t<\/div>\n\t\t\t\t<\/div>\n\t\t","protected":false},"excerpt":{"rendered":"<p>EK-ARENG O\u0170 CO 2 ekstraheerimise tehnoloogilise protsessi kirjeldus suitsugaasid (heitgaasid) \u00a0 Euri-2000 ekstraheerimisjaam, mis on ette n\u00e4htud \u00f6\u00f6p\u00e4evaringselt t\u00f6\u00f6tamiseks t\u00e4isautomaatses<\/p>\n","protected":false},"author":1,"featured_media":0,"parent":0,"menu_order":0,"comment_status":"closed","ping_status":"closed","template":"","meta":{"footnotes":""},"class_list":["post-17562","page","type-page","status-publish","hentry"],"_links":{"self":[{"href":"https:\/\/ek-areng.ee\/et\/wp-json\/wp\/v2\/pages\/17562","targetHints":{"allow":["GET"]}}],"collection":[{"href":"https:\/\/ek-areng.ee\/et\/wp-json\/wp\/v2\/pages"}],"about":[{"href":"https:\/\/ek-areng.ee\/et\/wp-json\/wp\/v2\/types\/page"}],"author":[{"embeddable":true,"href":"https:\/\/ek-areng.ee\/et\/wp-json\/wp\/v2\/users\/1"}],"replies":[{"embeddable":true,"href":"https:\/\/ek-areng.ee\/et\/wp-json\/wp\/v2\/comments?post=17562"}],"version-history":[{"count":5,"href":"https:\/\/ek-areng.ee\/et\/wp-json\/wp\/v2\/pages\/17562\/revisions"}],"predecessor-version":[{"id":17962,"href":"https:\/\/ek-areng.ee\/et\/wp-json\/wp\/v2\/pages\/17562\/revisions\/17962"}],"wp:attachment":[{"href":"https:\/\/ek-areng.ee\/et\/wp-json\/wp\/v2\/media?parent=17562"}],"curies":[{"name":"wp","href":"https:\/\/api.w.org\/{rel}","templated":true}]}}