{"id":17570,"date":"2026-02-10T21:35:20","date_gmt":"2026-02-10T18:35:20","guid":{"rendered":"https:\/\/ek-areng.ee\/%d1%8d%d1%82%d0%b0%d0%bf%d1%8b-%d1%80%d0%b5%d0%b0%d0%bb%d0%b8%d0%b7%d0%b0%d1%86%d0%b8%d0%b8-%d0%bf%d1%80%d0%be%d0%b5%d0%ba%d1%82%d0%b0\/"},"modified":"2026-03-05T23:20:50","modified_gmt":"2026-03-05T20:20:50","slug":"projekti-rakendamise-etapid","status":"publish","type":"page","link":"https:\/\/ek-areng.ee\/et\/projekti-rakendamise-etapid\/","title":{"rendered":"Projekti elluviimise etapid"},"content":{"rendered":"\t\t<div data-elementor-type=\"wp-page\" data-elementor-id=\"17570\" class=\"elementor elementor-17570 elementor-15959\">\n\t\t\t\t<div class=\"elementor-element elementor-element-a132d21 e-flex e-con-boxed wd-section-disabled e-con e-parent\" data-id=\"a132d21\" data-element_type=\"container\" data-e-type=\"container\">\n\t\t\t\t\t<div class=\"e-con-inner\">\n\t\t\t\t<div class=\"elementor-element elementor-element-934b0ab elementor-widget elementor-widget-wd_title\" data-id=\"934b0ab\" data-element_type=\"widget\" data-e-type=\"widget\" data-widget_type=\"wd_title.default\">\n\t\t\t\t<div class=\"elementor-widget-container\">\n\t\t\t\t\t\t\t<div class=\"title-wrapper set-mb-s reset-last-child wd-title-color-default wd-title-style-default wd-title-size-default text-center\">\n\n\t\t\t\t\t\t\t<div class=\"title-subtitle subtitle-color-default subtitle-style-default wd-fontsize-xs\">\n\t\t\t\t\t EK-ARENG O\u0170\t\t\t\t<\/div>\n\t\t\t\n\t\t\t<div class=\"liner-continer\">\n\t\t\t\t<h4 class=\"woodmart-title-container title wd-fontsize-l\">Projekti elluviimise etapid<\/h4> \n\t\t\t\t\t\t\t<\/div>\n\n\t\t\t\t\t<\/div>\n\t\t\t\t\t\t<\/div>\n\t\t\t\t<\/div>\n\t\t\t\t<div class=\"elementor-element elementor-element-a14028b elementor-widget elementor-widget-wd_text_block\" data-id=\"a14028b\" data-element_type=\"widget\" data-e-type=\"widget\" data-widget_type=\"wd_text_block.default\">\n\t\t\t\t<div class=\"elementor-widget-container\">\n\t\t\t\t\t\t\t<div class=\"wd-text-block reset-last-child text-left\">\n\t\t\t\n\t\t\t<p><span style=\"text-decoration: underline;\"><a href=\"https:\/\/ek-areng.ee\/et\/kompleks-ringlussevott-suitsu-gaasid\/#FormEst\"><strong><span style=\"color: #339966; text-decoration: underline;\">- k\u00fcsimustik<\/span><\/strong><\/a><\/span><\/p><p><strong><span style=\"color: #339966;\">- tehnilise \u00fclesande v\u00e4ljat\u00f6\u00f6tamise leping<\/span><\/strong><\/p><p><strong><span style=\"color: #339966;\">- tehnilise \u00fclesande v\u00e4ljat\u00f6\u00f6tamine<\/span><\/strong><\/p><p><strong><span style=\"color: #339966;\">- projekteerimisleping<\/span><\/strong><\/p><p><strong><span style=\"color: #339966;\">- projekteerimine<\/span><\/strong><\/p><p><strong><span style=\"color: #339966;\">- jaama valmistamise ja tarnimise leping<\/span><\/strong><\/p><p><strong><span style=\"color: #339966;\">- jaama tootmine, paigutus ja tarnimine<\/span><\/strong><\/p><p><strong><span style=\"color: #339966;\">- jaama paigaldamise ja kontrolli k\u00e4ivitamise leping<\/span><\/strong><\/p><p><strong><span style=\"color: #339966;\">- jaama paigaldamine ja kontrollk\u00e4ivitus<\/span><\/strong><\/p><p><strong><span style=\"color: #339966;\">- Teenindusleping<\/span><\/strong><\/p>\n\t\t\t\t\t<\/div>\n\t\t\t\t\t\t<\/div>\n\t\t\t\t<\/div>\n\t\t\t\t\t<\/div>\n\t\t\t\t<\/div>\n\t\t\t\t<\/div>\n\t\t","protected":false},"excerpt":{"rendered":"<p>EK-ARENG O\u0170 Projekti elluviimise etapid &#8211; k\u00fcsimustik &#8211; tehnilise \u00fclesande v\u00e4ljat\u00f6\u00f6tamise leping &#8211; tehnilise \u00fclesande v\u00e4ljat\u00f6\u00f6tamine &#8211; projekteerimisleping &#8211; projekteerimine<\/p>\n","protected":false},"author":1,"featured_media":0,"parent":0,"menu_order":0,"comment_status":"closed","ping_status":"closed","template":"","meta":{"footnotes":""},"class_list":["post-17570","page","type-page","status-publish","hentry"],"_links":{"self":[{"href":"https:\/\/ek-areng.ee\/et\/wp-json\/wp\/v2\/pages\/17570","targetHints":{"allow":["GET"]}}],"collection":[{"href":"https:\/\/ek-areng.ee\/et\/wp-json\/wp\/v2\/pages"}],"about":[{"href":"https:\/\/ek-areng.ee\/et\/wp-json\/wp\/v2\/types\/page"}],"author":[{"embeddable":true,"href":"https:\/\/ek-areng.ee\/et\/wp-json\/wp\/v2\/users\/1"}],"replies":[{"embeddable":true,"href":"https:\/\/ek-areng.ee\/et\/wp-json\/wp\/v2\/comments?post=17570"}],"version-history":[{"count":8,"href":"https:\/\/ek-areng.ee\/et\/wp-json\/wp\/v2\/pages\/17570\/revisions"}],"predecessor-version":[{"id":17966,"href":"https:\/\/ek-areng.ee\/et\/wp-json\/wp\/v2\/pages\/17570\/revisions\/17966"}],"wp:attachment":[{"href":"https:\/\/ek-areng.ee\/et\/wp-json\/wp\/v2\/media?parent=17570"}],"curies":[{"name":"wp","href":"https:\/\/api.w.org\/{rel}","templated":true}]}}